{"id":3385,"date":"2023-02-19T17:17:59","date_gmt":"2023-02-19T14:17:59","guid":{"rendered":"https:\/\/labo.univ-batna.dz\/lsh-aep\/?page_id=3385"},"modified":"2023-03-13T23:46:21","modified_gmt":"2023-03-13T20:46:21","slug":"volume1-num1-et-2","status":"publish","type":"page","link":"https:\/\/labo.univ-batna.dz\/lsh-aep\/?page_id=3385","title":{"rendered":"volume1-num1 et 2"},"content":{"rendered":"\t\t<div data-elementor-type=\"wp-page\" data-elementor-id=\"3385\" class=\"elementor elementor-3385\">\n\t\t\t\t\t\t\t\t\t<section class=\"elementor-section elementor-top-section elementor-element elementor-element-34b7f13 elementor-section-full_width elementor-section-height-default elementor-section-height-default\" data-id=\"34b7f13\" data-element_type=\"section\">\n\t\t\t\t\t\t<div class=\"elementor-container elementor-column-gap-default\">\n\t\t\t\t\t<div class=\"elementor-column elementor-col-100 elementor-top-column elementor-element elementor-element-fe60a74\" data-id=\"fe60a74\" data-element_type=\"column\">\n\t\t\t<div class=\"elementor-widget-wrap elementor-element-populated\">\n\t\t\t\t\t\t\t\t<div class=\"elementor-element elementor-element-7530e17 elementor-widget elementor-widget-image\" data-id=\"7530e17\" data-element_type=\"widget\" data-widget_type=\"image.default\">\n\t\t\t\t<div class=\"elementor-widget-container\">\n\t\t\t<style>\/*! elementor - v3.11.3 - 07-03-2023 *\/\n.elementor-widget-image{text-align:center}.elementor-widget-image a{display:inline-block}.elementor-widget-image a img[src$=\".svg\"]{width:48px}.elementor-widget-image img{vertical-align:middle;display:inline-block}<\/style>\t\t\t\t\t\t\t\t\t\t\t\t<img decoding=\"async\" src=\"https:\/\/labo.univ-batna.dz\/lsh-aep\/wp-content\/uploads\/2022\/06\/homepage-map.png\" title=\"homepage-map\" alt=\"homepage-map\" loading=\"lazy\" \/>\t\t\t\t\t\t\t\t\t\t\t\t\t\t\t<\/div>\n\t\t\t\t<\/div>\n\t\t\t\t<div class=\"elementor-element elementor-element-57180db elementor-widget-divider--view-line elementor-widget elementor-widget-divider\" data-id=\"57180db\" data-element_type=\"widget\" data-widget_type=\"divider.default\">\n\t\t\t\t<div class=\"elementor-widget-container\">\n\t\t\t<style>\/*! elementor - v3.11.3 - 07-03-2023 *\/\n.elementor-widget-divider{--divider-border-style:none;--divider-border-width:1px;--divider-color:#2c2c2c;--divider-icon-size:20px;--divider-element-spacing:10px;--divider-pattern-height:24px;--divider-pattern-size:20px;--divider-pattern-url:none;--divider-pattern-repeat:repeat-x}.elementor-widget-divider .elementor-divider{display:flex}.elementor-widget-divider .elementor-divider__text{font-size:15px;line-height:1;max-width:95%}.elementor-widget-divider .elementor-divider__element{margin:0 var(--divider-element-spacing);flex-shrink:0}.elementor-widget-divider .elementor-icon{font-size:var(--divider-icon-size)}.elementor-widget-divider .elementor-divider-separator{display:flex;margin:0;direction:ltr}.elementor-widget-divider--view-line_icon .elementor-divider-separator,.elementor-widget-divider--view-line_text .elementor-divider-separator{align-items:center}.elementor-widget-divider--view-line_icon .elementor-divider-separator:after,.elementor-widget-divider--view-line_icon .elementor-divider-separator:before,.elementor-widget-divider--view-line_text .elementor-divider-separator:after,.elementor-widget-divider--view-line_text .elementor-divider-separator:before{display:block;content:\"\";border-bottom:0;flex-grow:1;border-top:var(--divider-border-width) var(--divider-border-style) var(--divider-color)}.elementor-widget-divider--element-align-left .elementor-divider .elementor-divider-separator>.elementor-divider__svg:first-of-type{flex-grow:0;flex-shrink:100}.elementor-widget-divider--element-align-left .elementor-divider-separator:before{content:none}.elementor-widget-divider--element-align-left .elementor-divider__element{margin-left:0}.elementor-widget-divider--element-align-right .elementor-divider .elementor-divider-separator>.elementor-divider__svg:last-of-type{flex-grow:0;flex-shrink:100}.elementor-widget-divider--element-align-right .elementor-divider-separator:after{content:none}.elementor-widget-divider--element-align-right .elementor-divider__element{margin-right:0}.elementor-widget-divider:not(.elementor-widget-divider--view-line_text):not(.elementor-widget-divider--view-line_icon) .elementor-divider-separator{border-top:var(--divider-border-width) var(--divider-border-style) var(--divider-color)}.elementor-widget-divider--separator-type-pattern{--divider-border-style:none}.elementor-widget-divider--separator-type-pattern.elementor-widget-divider--view-line .elementor-divider-separator,.elementor-widget-divider--separator-type-pattern:not(.elementor-widget-divider--view-line) .elementor-divider-separator:after,.elementor-widget-divider--separator-type-pattern:not(.elementor-widget-divider--view-line) .elementor-divider-separator:before,.elementor-widget-divider--separator-type-pattern:not([class*=elementor-widget-divider--view]) .elementor-divider-separator{width:100%;min-height:var(--divider-pattern-height);-webkit-mask-size:var(--divider-pattern-size) 100%;mask-size:var(--divider-pattern-size) 100%;-webkit-mask-repeat:var(--divider-pattern-repeat);mask-repeat:var(--divider-pattern-repeat);background-color:var(--divider-color);-webkit-mask-image:var(--divider-pattern-url);mask-image:var(--divider-pattern-url)}.elementor-widget-divider--no-spacing{--divider-pattern-size:auto}.elementor-widget-divider--bg-round{--divider-pattern-repeat:round}.rtl .elementor-widget-divider .elementor-divider__text{direction:rtl}.e-con-inner>.elementor-widget-divider,.e-con>.elementor-widget-divider{width:var(--container-widget-width,100%);--flex-grow:var(--container-widget-flex-grow)}<\/style>\t\t<div class=\"elementor-divider\">\n\t\t\t<span class=\"elementor-divider-separator\">\n\t\t\t\t\t\t<\/span>\n\t\t<\/div>\n\t\t\t\t<\/div>\n\t\t\t\t<\/div>\n\t\t\t\t<section class=\"elementor-section elementor-inner-section elementor-element elementor-element-7ec7610 elementor-section-full_width elementor-section-height-default elementor-section-height-default\" data-id=\"7ec7610\" data-element_type=\"section\">\n\t\t\t\t\t\t\t<div class=\"elementor-background-overlay\"><\/div>\n\t\t\t\t\t\t\t<div class=\"elementor-container elementor-column-gap-default\">\n\t\t\t\t\t<div class=\"elementor-column elementor-col-100 elementor-inner-column elementor-element elementor-element-60d8884\" data-id=\"60d8884\" data-element_type=\"column\">\n\t\t\t<div class=\"elementor-widget-wrap elementor-element-populated\">\n\t\t\t\t\t\t\t\t<div class=\"elementor-element elementor-element-5475188 elementor-widget elementor-widget-heading\" data-id=\"5475188\" data-element_type=\"widget\" data-widget_type=\"heading.default\">\n\t\t\t\t<div class=\"elementor-widget-container\">\n\t\t\t<style>\/*! elementor - v3.11.3 - 07-03-2023 *\/\n.elementor-heading-title{padding:0;margin:0;line-height:1}.elementor-widget-heading .elementor-heading-title[class*=elementor-size-]>a{color:inherit;font-size:inherit;line-height:inherit}.elementor-widget-heading .elementor-heading-title.elementor-size-small{font-size:15px}.elementor-widget-heading .elementor-heading-title.elementor-size-medium{font-size:19px}.elementor-widget-heading .elementor-heading-title.elementor-size-large{font-size:29px}.elementor-widget-heading .elementor-heading-title.elementor-size-xl{font-size:39px}.elementor-widget-heading .elementor-heading-title.elementor-size-xxl{font-size:59px}<\/style><h2 class=\"elementor-heading-title elementor-size-default\">\u0627\u0644\u0645\u062c\u0644\u062f \u0627\u0644\u0623\u0648\u0644<\/h2>\t\t<\/div>\n\t\t\t\t<\/div>\n\t\t\t\t\t<\/div>\n\t\t<\/div>\n\t\t\t\t\t\t\t<\/div>\n\t\t<\/section>\n\t\t\t\t<section class=\"elementor-section elementor-top-section elementor-element elementor-element-f7f511a elementor-section-full_width elementor-section-height-min-height elementor-section-items-stretch elementor-section-height-default\" data-id=\"f7f511a\" data-element_type=\"section\" data-settings=\"{&quot;background_background&quot;:&quot;classic&quot;}\">\n\t\t\t\t\t\t\t<div class=\"elementor-background-overlay\"><\/div>\n\t\t\t\t\t\t\t<div class=\"elementor-container elementor-column-gap-default\">\n\t\t\t\t\t<div class=\"elementor-column elementor-col-33 elementor-top-column elementor-element elementor-element-b3f45a2\" data-id=\"b3f45a2\" data-element_type=\"column\" data-settings=\"{&quot;background_background&quot;:&quot;gradient&quot;}\">\n\t\t\t<div class=\"elementor-widget-wrap elementor-element-populated\">\n\t\t\t\t\t\t\t\t<div class=\"elementor-element elementor-element-070b308 elementor-widget elementor-widget-heading\" data-id=\"070b308\" data-element_type=\"widget\" data-widget_type=\"heading.default\">\n\t\t\t\t<div class=\"elementor-widget-container\">\n\t\t\t<h2 class=\"elementor-heading-title elementor-size-default\">\u0627\u0644\u0639\u062f\u062f01   \/ 01-01-2016<\/h2>\t\t<\/div>\n\t\t\t\t<\/div>\n\t\t\t\t<div class=\"elementor-element elementor-element-b0ecee0 elementor-widget elementor-widget-text-editor\" data-id=\"b0ecee0\" data-element_type=\"widget\" data-widget_type=\"text-editor.default\">\n\t\t\t\t<div class=\"elementor-widget-container\">\n\t\t\t<style>\/*! elementor - v3.11.3 - 07-03-2023 *\/\n.elementor-widget-text-editor.elementor-drop-cap-view-stacked .elementor-drop-cap{background-color:#818a91;color:#fff}.elementor-widget-text-editor.elementor-drop-cap-view-framed .elementor-drop-cap{color:#818a91;border:3px solid;background-color:transparent}.elementor-widget-text-editor:not(.elementor-drop-cap-view-default) .elementor-drop-cap{margin-top:8px}.elementor-widget-text-editor:not(.elementor-drop-cap-view-default) .elementor-drop-cap-letter{width:1em;height:1em}.elementor-widget-text-editor .elementor-drop-cap{float:right;text-align:center;line-height:1;font-size:50px}.elementor-widget-text-editor .elementor-drop-cap-letter{display:inline-block}<\/style>\t\t\t\t<ul><li><p><a href=\"https:\/\/www.asjp.cerist.dz\/en\/article\/67855\">\u0623\u0628\u0639\u0627\u062f \u0627\u0644\u062a\u062f\u062e\u0644 \u0627\u0644\u0639\u0633\u0643\u0631\u064a \u0627\u0644\u0631\u0648\u0633\u064a \u0641\u064a \u0633\u0648\u0631\u064a\u0627<\/a><\/p><\/li><li><p><a href=\"https:\/\/www.asjp.cerist.dz\/en\/article\/67856\">\u0627\u0644\u0644\u0623\u0645\u0646 \u0627\u0644\u0642\u0627\u0646\u0648\u0646\u064a \u0648\u0623\u062b\u0631\u0647 \u0639\u0644\u0649 \u0627\u0644\u062a\u0646\u0645\u064a\u0629<\/a><\/p><\/li><li><p><a href=\"https:\/\/www.asjp.cerist.dz\/en\/article\/67857\">\u062f\u0648\u0631 \u0627\u0644\u0639\u0644\u0627\u0642\u0627\u062a \u0627\u0644\u0639\u0627\u0645\u0629 \u0641\u064a \u062a\u062d\u0633\u064a\u0646 \u0627\u0644\u0635\u0648\u0631\u0629 \u0627\u0644\u0630\u0647\u0646\u064a\u0629 \u0644\u0644\u0645\u0624\u0633\u0633\u0629<\/a><\/p><\/li><li><p><a href=\"https:\/\/www.asjp.cerist.dz\/en\/article\/67858\">\u0627\u0644\u0623\u0628\u0639\u0627\u062f \u0627\u0644\u0627\u0633\u062a\u064a\u0631\u0627\u062a\u064a\u062c\u064a\u0629 \u0648\u0627\u0644\u0642\u0627\u0646\u0648\u0646\u064a\u0629 \u0644\u0644\u062d\u0631\u0628 \u0627\u0644\u0633\u064a\u0628\u0631\u0646\u064a\u0629<\/a><\/p><\/li><li><p><a href=\"https:\/\/www.asjp.cerist.dz\/en\/article\/67859\">\u0646\u0638\u0631\u0629 \u0644\u0633\u0627\u0646\u064a\u0629\u064c \u062a\u0642\u0648\u064a\u0645\u064a\u0629\u064c \u0641\u064a \u062a\u0631\u062c\u0645\u0629 \u0645\u0639\u0627\u0646\u064a \u0633\u0648\u0631\u0629 \u0627\u0644\u0641\u0627\u062a\u062d\u0629 \u0648\u0627\u0644\u0623\u062c\u0632\u0627\u0621 \u0627\u0644\u062b\u0644\u0627\u062b\u0629 \u0627\u0644\u0623\u062e\u064a\u0631\u0629 \u0625\u0644\u0649 \u0627\u0644\u0623\u0645\u0627\u0632\u064a\u063a\u0640\u064a\u0629<\/a><\/p><\/li><li><p><a href=\"https:\/\/www.asjp.cerist.dz\/en\/article\/67860\">\u0622\u0644\u064a\u0627\u062a \u0627\u0644\u0631\u0642\u0627\u0628\u0629 \u0639\u0644\u0649 \u0627\u0644\u0635\u062d\u0641 \u0641\u064a \u0627\u0644\u062c\u0632\u0627\u0626\u0631: \u0645\u0646 \u062e\u0644\u0627\u0644 \u062f\u0648\u0631 \u0633\u0644\u0637\u0627\u062a \u0627\u0644\u0636\u0628\u0637 \u0627\u0644\u0645\u062e\u062a\u0644\u0641\u0629 \u0641\u064a \u0627\u0644\u0635\u062d\u0627\u0641\u0629 \u0627\u0644\u0645\u0643\u062a\u0648\u0628\u0629<\/a><\/p><\/li><li><p><a href=\"https:\/\/www.asjp.cerist.dz\/en\/article\/67861\">\u0627\u0644\u0623\u0645\u0646 \u0627\u0644\u0625\u0646\u0633\u0627\u0646\u064a \u0643\u0622\u0644\u064a\u0629 \u0644\u0645\u0648\u0627\u062c\u0647\u0629 \u0627\u0644\u0638\u0627\u0647\u0631\u0629 \u0627\u0644\u0625\u0631\u0647\u0627\u0628\u064a\u0629<\/a><\/p><\/li><li><p><a href=\"https:\/\/www.asjp.cerist.dz\/en\/article\/67862\">\u0627\u0644\u0625\u0635\u0627\u0628\u0629 \u0627\u0644\u0631\u064a\u0627\u0636\u064a\u0629 \u0628\u0648\u0635\u0641\u0647\u0627 \u0646\u0635\u0627 \u0627\u062c\u062a\u0645\u0627\u0639\u064a\u0627<\/a><\/p><\/li><li><p><a href=\"https:\/\/www.asjp.cerist.dz\/en\/article\/67863\">\u0627\u0644\u0625\u062c\u0631\u0627\u0645 \u0648\u0648\u0642\u0639\u0647 \u0641\u064a \u0627\u0644\u0625\u0639\u0644\u0627\u0645 \u0627\u0644\u062c\u0632\u0627\u0626\u0631\u064a<\/a><\/p><\/li><li><p><a href=\"https:\/\/www.asjp.cerist.dz\/en\/article\/67864\">\u0627\u0644\u062c\u0645\u0639\u064a\u0627\u062a \u0627\u0644\u0645\u062f\u0646\u064a\u0629 \u0641\u064a \u0627\u0644\u062c\u0632\u0627\u0626\u0631 \u0628\u064a\u0646 \u0627\u0644\u0642\u0627\u0646\u0648\u0646(90\/31) \u0648\u0627\u0644\u0642\u0627\u0646\u0648\u0646 (12\/06).<\/a><\/p><\/li><li><p><a href=\"https:\/\/www.asjp.cerist.dz\/en\/article\/67865\">\u0635\u0641\u062d\u0629 \u062b\u0642\u0641 \u0646\u0641\u0633\u0643 \u0627\u0644\u0641\u0627\u064a\u0633\u0628\u0648\u0643\u064a\u0629 \u0648\u0627\u0644\u0637\u0644\u0628\u0629 \u0627\u0644\u062c\u0627\u0645\u0639\u064a\u064a\u0646 \u0627\u0644\u062c\u0632\u0627\u0626\u0631\u064a\u064a\u0646 &#8211; \u062f\u0631\u0627\u0633\u0629 \u0641\u064a \u0627\u0644\u0622\u062b\u0627\u0631 \u0627\u0644\u062b\u0642\u0627\u0641\u064a\u0629 \u0645\u0646 \u0645\u0646\u0638\u0648\u0631 \u0627\u0644\u062d\u062a\u0645\u064a\u0629 \u0627\u0644\u0642\u064a\u0645\u064a\u0629 &#8211;<\/a><\/p><\/li><\/ul>\t\t\t\t\t\t<\/div>\n\t\t\t\t<\/div>\n\t\t\t\t\t<\/div>\n\t\t<\/div>\n\t\t\t\t<div class=\"elementor-column elementor-col-33 elementor-top-column elementor-element elementor-element-3e148b1\" data-id=\"3e148b1\" data-element_type=\"column\" data-settings=\"{&quot;background_background&quot;:&quot;classic&quot;}\">\n\t\t\t<div class=\"elementor-widget-wrap elementor-element-populated\">\n\t\t\t\t\t\t\t\t<div class=\"elementor-element elementor-element-4333d2e elementor-widget elementor-widget-image\" data-id=\"4333d2e\" data-element_type=\"widget\" data-widget_type=\"image.default\">\n\t\t\t\t<div class=\"elementor-widget-container\">\n\t\t\t\t\t\t\t\t\t\t\t\t\t\t\t<img loading=\"lazy\" decoding=\"async\" width=\"200\" height=\"295\" src=\"https:\/\/labo.univ-batna.dz\/lsh-aep\/wp-content\/uploads\/2023\/03\/\u0627\u0644\u0645\u062c\u0644\u062f-01-\u0627\u0644\u0639\u062f\u062f01.jpg\" class=\"attachment-medium size-medium wp-image-4379\" alt=\"\" \/>\t\t\t\t\t\t\t\t\t\t\t\t\t\t\t<\/div>\n\t\t\t\t<\/div>\n\t\t\t\t<div class=\"elementor-element elementor-element-4b61f98 elementor-widget elementor-widget-image\" data-id=\"4b61f98\" data-element_type=\"widget\" data-widget_type=\"image.default\">\n\t\t\t\t<div class=\"elementor-widget-container\">\n\t\t\t\t\t\t\t\t\t\t\t\t\t\t\t<img decoding=\"async\" src=\"https:\/\/labo.univ-batna.dz\/lsh-aep\/wp-content\/uploads\/2022\/07\/56.jpg\" title=\"56\" alt=\"56\" class=\"elementor-animation-float\" loading=\"lazy\" \/>\t\t\t\t\t\t\t\t\t\t\t\t\t\t\t<\/div>\n\t\t\t\t<\/div>\n\t\t\t\t<div class=\"elementor-element elementor-element-566040f elementor-widget elementor-widget-image\" data-id=\"566040f\" data-element_type=\"widget\" data-widget_type=\"image.default\">\n\t\t\t\t<div class=\"elementor-widget-container\">\n\t\t\t\t\t\t\t\t\t\t\t\t\t\t\t<img loading=\"lazy\" decoding=\"async\" width=\"194\" height=\"300\" src=\"https:\/\/labo.univ-batna.dz\/lsh-aep\/wp-content\/uploads\/2023\/03\/\u0627\u0644\u0645\u062c\u0644\u062f-01-\u0627\u0644\u0639\u062f\u062f02-194x300.jpg\" class=\"attachment-medium size-medium wp-image-4381\" alt=\"\" srcset=\"https:\/\/labo.univ-batna.dz\/lsh-aep\/wp-content\/uploads\/2023\/03\/\u0627\u0644\u0645\u062c\u0644\u062f-01-\u0627\u0644\u0639\u062f\u062f02-194x300.jpg 194w, https:\/\/labo.univ-batna.dz\/lsh-aep\/wp-content\/uploads\/2023\/03\/\u0627\u0644\u0645\u062c\u0644\u062f-01-\u0627\u0644\u0639\u062f\u062f02.jpg 200w\" sizes=\"auto, (max-width: 194px) 100vw, 194px\" \/>\t\t\t\t\t\t\t\t\t\t\t\t\t\t\t<\/div>\n\t\t\t\t<\/div>\n\t\t\t\t\t<\/div>\n\t\t<\/div>\n\t\t\t\t<div class=\"elementor-column elementor-col-33 elementor-top-column elementor-element elementor-element-203234b\" data-id=\"203234b\" data-element_type=\"column\" data-settings=\"{&quot;background_background&quot;:&quot;gradient&quot;}\">\n\t\t\t<div class=\"elementor-widget-wrap elementor-element-populated\">\n\t\t\t\t\t\t\t\t<div class=\"elementor-element elementor-element-5805669 elementor-widget elementor-widget-heading\" data-id=\"5805669\" data-element_type=\"widget\" data-widget_type=\"heading.default\">\n\t\t\t\t<div class=\"elementor-widget-container\">\n\t\t\t<h2 class=\"elementor-heading-title elementor-size-default\">  \u0627\u0644\u0639\u062f\u062f 02 \/ 01-07-2016<\/h2>\t\t<\/div>\n\t\t\t\t<\/div>\n\t\t\t\t<div class=\"elementor-element elementor-element-3035a29 elementor-widget elementor-widget-text-editor\" data-id=\"3035a29\" data-element_type=\"widget\" data-widget_type=\"text-editor.default\">\n\t\t\t\t<div class=\"elementor-widget-container\">\n\t\t\t\t\t\t\t<ul><li><p><a href=\"https:\/\/www.asjp.cerist.dz\/en\/article\/67842\">\u0627\u0644\u062a\u0623\u0633\u064a\u0633 \u0644\u0644\u062d\u0631\u064a\u0629 \u0641\u064a \u0645\u0641\u0647\u0648\u0645 \u0627\u0644\u062a\u0646\u0645\u064a\u0629 \u0627\u0644\u0625\u0646\u0633\u0627\u0646\u064a\u0629 &#8211; \u0628\u0646\u0627\u0621 \u0627\u0644\u0642\u062f\u0631\u0627\u062a \u0644\u062a\u0648\u0633\u064a\u0639 \u0627\u0644\u062e\u064a\u0627\u0631\u0627\u062a &#8211;<\/a><\/p><\/li><li><p><a href=\"https:\/\/www.asjp.cerist.dz\/en\/article\/67843\">\u062a\u062d\u062f\u064a\u0627\u062a \u0627\u0644\u0623\u0645\u0646 \u0627\u0644\u0627\u0642\u062a\u0635\u0627\u062f\u064a \u0648\u0627\u0644\u0627\u0633\u062a\u0642\u0631\u0627\u0631 \u0627\u0644\u0633\u064a\u0627\u0633\u064a \u0641\u064a \u0627\u0644\u062c\u0632\u0627\u0626\u0631<\/a><\/p><\/li><li><p><a href=\"https:\/\/www.asjp.cerist.dz\/en\/article\/67844\">\u0623\u0645\u0646\u0646\u0640\u0629 \u0627\u0644\u0634\u0631\u0627\u0643\u0640\u0629 \u0627\u0644\u062c\u0632\u0627\u0626\u0631\u064a\u0629- \u0627\u0644\u0623\u0631\u0648\u0628\u064a\u0640\u0629<\/a><\/p><\/li><li><p><a href=\"https:\/\/www.asjp.cerist.dz\/en\/article\/67845\">\u062b\u0642\u0627\u0641\u0629 \u062d\u0642\u0648\u0642 \u0627\u0644\u0625\u0646\u0633\u0627\u0646 \u0641\u064a \u0638\u0644 \u0627\u0644\u0638\u0631\u0648\u0641 \u0627\u0644\u0639\u0631\u0628\u064a\u0629 \u0627\u0644\u0631\u0627\u0647\u0646\u0629 \u0627\u0644\u0648\u0627\u0642\u0640\u0640\u0640\u0639 \u0648\u0627\u0644\u0637\u0645\u0640\u0640\u0640\u0648\u062d<\/a><\/p><\/li><li><p><a href=\"https:\/\/www.asjp.cerist.dz\/en\/article\/67846\">\u0645\u0646\u0638\u0648\u0631\u0627\u062a \u0645\u0642\u0627\u0631\u0628\u0629 \u0645\u0646 \u0623\u062c\u0644 \u0627\u0633\u062a\u064a\u0639\u0627\u0628 \u0627\u0644\u062a\u0646\u0645\u064a\u0629 \u0627\u0644\u0625\u0646\u0633\u0627\u0646\u064a\u0629\u060c \u062f\u0631\u0627\u0633\u0629 \u0641\u064a \u0627\u0644\u0645\u0641\u0627\u0647\u064a\u0645 \u0648\u0627\u0644\u0623\u0628\u0639\u0627\u062f<\/a><\/p><\/li><li><p><a href=\"https:\/\/www.asjp.cerist.dz\/en\/article\/67847\">\u0627\u0644\u0639\u0644\u0627\u0642\u0640\u0627\u062a \u0627\u0644\u0639\u0627\u0645\u0640\u0629 \u0628\u064a\u0646 \u0645\u0646\u0637\u0640\u0642 &#8221; \u0627\u0644\u0647\u064a\u0645\u0646\u0629&#8221; \u0627\u0644\u0633\u0644\u0637\u0648\u064a\u0629 \u0648&#8221;\u0627\u0644\u062a\u0648\u062c\u0647\u0627\u062a&#8221; \u0627\u0644\u0645\u062c\u062a\u0645\u0639\u064a\u0629 .<\/a><\/p><\/li><li><p><a href=\"https:\/\/www.asjp.cerist.dz\/en\/article\/67848\">\u0627\u0644\u0625\u0637\u0627\u0631 \u0627\u0644\u062a\u0634\u0631\u064a\u0639\u064a \u0644\u0644\u0639\u062f\u0627\u0644\u0629 \u0627\u0644\u0627\u0646\u062a\u0642\u0627\u0644\u064a\u0629 \u0641\u064a \u062a\u0648\u0646\u0633 \u0645\u0627 \u0628\u0639\u062f \u0627\u0644\u062b\u0648\u0631\u0629<\/a><\/p><\/li><li><p><a href=\"https:\/\/www.asjp.cerist.dz\/en\/article\/67849\">\u0627\u0644\u062a\u0639\u0627\u0648\u0646 \u0627\u0644\u0644\u0627\u0645\u0631\u0643\u0632\u064a \u0641\u064a \u0627\u0644\u062c\u0632\u0627\u0626\u0631: \u0648\u0627\u0642\u0639 \u0648\u062a\u062d\u062f\u064a\u0627\u062a.<\/a><\/p><\/li><li><p><a href=\"https:\/\/www.asjp.cerist.dz\/en\/article\/67850\">\u062a\u062f\u0627\u0628\u064a\u0631 \u0648\u0622\u0644\u064a\u0627\u062a \u0627\u0644\u0645\u0634\u0627\u0631\u0643\u0629 \u0627\u0644\u0633\u064a\u0627\u0633\u064a\u0629 \u0644\u0644\u0634\u0628\u0627\u0628 \u0628\u0640 \u0627\u0644\u0647\u064a\u0626\u0627\u062a \u0627\u0644\u0648\u0637\u0646\u064a\u0629 \u0648\u0627\u0644\u062a\u0631\u0627\u0628\u064a\u0629 \u0628\u0627\u0644\u0645\u063a\u0631\u0628&#8221;<\/a><\/p><\/li><li><p><a href=\"https:\/\/www.asjp.cerist.dz\/en\/article\/67851\">\u0627\u0644\u062c\u064a\u0648\u0633\u064a\u0627\u0633\u0629 (\u0627\u0644\u062c\u064a\u0648\u0628\u0648\u0644\u064a\u062a\u064a\u0643) : \u0645\u0646 \u0627\u0644\u0641\u0643\u0631 \u0625\u0644\u0649 \u0627\u0644\u0623\u062f\u0627\u0629 La g\u00e9opolitique : de la pens\u00e9e \u00e0 l\u2019outil<\/a><\/p><\/li><li><p><a href=\"https:\/\/www.asjp.cerist.dz\/en\/article\/67852\">\u0627\u0644\u062f\u064a\u0645\u0642\u0631\u0627\u0637\u064a\u0629 \u0627\u0644\u0627\u0644\u0643\u062a\u0631\u0648\u0646\u064a\u0629 \u0622\u0644\u064a\u0629 \u0644\u0644\u0645\u0634\u0627\u0631\u0643\u0629 \u0641\u064a \u062a\u0633\u064a\u064a\u0631 \u0627\u0644\u0645\u0631\u0641\u0642 \u0627\u0644\u0639\u0627\u0645<\/a><\/p><\/li><\/ul>\t\t\t\t\t\t<\/div>\n\t\t\t\t<\/div>\n\t\t\t\t\t<\/div>\n\t\t<\/div>\n\t\t\t\t\t\t\t<\/div>\n\t\t<\/section>\n\t\t\t\t\t<\/div>\n\t\t<\/div>\n\t\t\t\t\t\t\t<\/div>\n\t\t<\/section>\n\t\t\t\t\t\t\t<\/div>\n\t\t","protected":false},"excerpt":{"rendered":"<p>\u0627\u0644\u0645\u062c\u0644\u062f \u0627\u0644\u0623\u0648\u0644 \u0627\u0644\u0639\u062f\u062f01 \/ 01-01-2016 \u0623\u0628\u0639\u0627\u062f \u0627\u0644\u062a\u062f\u062e\u0644 \u0627\u0644\u0639\u0633\u0643\u0631\u064a \u0627\u0644\u0631\u0648\u0633\u064a \u0641\u064a \u0633\u0648\u0631\u064a\u0627 \u0627\u0644\u0644\u0623\u0645\u0646 \u0627\u0644\u0642\u0627\u0646\u0648\u0646\u064a \u0648\u0623\u062b\u0631\u0647 \u0639\u0644\u0649 \u0627\u0644\u062a\u0646\u0645\u064a\u0629 \u062f\u0648\u0631 \u0627\u0644\u0639\u0644\u0627\u0642\u0627\u062a \u0627\u0644\u0639\u0627\u0645\u0629 \u0641\u064a \u062a\u062d\u0633\u064a\u0646 \u0627\u0644\u0635\u0648\u0631\u0629 \u0627\u0644\u0630\u0647\u0646\u064a\u0629 \u0644\u0644\u0645\u0624\u0633\u0633\u0629 \u0627\u0644\u0623\u0628\u0639\u0627\u062f \u0627\u0644\u0627\u0633\u062a\u064a\u0631\u0627\u062a\u064a\u062c\u064a\u0629 \u0648\u0627\u0644\u0642\u0627\u0646\u0648\u0646\u064a\u0629 \u0644\u0644\u062d\u0631\u0628 \u0627\u0644\u0633\u064a\u0628\u0631\u0646\u064a\u0629 \u0646\u0638\u0631\u0629 \u0644\u0633\u0627\u0646\u064a\u0629\u064c \u062a\u0642\u0648\u064a\u0645\u064a\u0629\u064c \u0641\u064a \u062a\u0631\u062c\u0645\u0629 \u0645\u0639\u0627\u0646\u064a \u0633\u0648\u0631\u0629 \u0627\u0644\u0641\u0627\u062a\u062d\u0629 \u0648\u0627\u0644\u0623\u062c\u0632\u0627\u0621 \u0627\u0644\u062b\u0644\u0627\u062b\u0629 \u0627\u0644\u0623\u062e\u064a\u0631\u0629 \u0625\u0644\u0649 \u0627\u0644\u0623\u0645\u0627\u0632\u064a\u063a\u0640\u064a\u0629 \u0622\u0644\u064a\u0627\u062a \u0627\u0644\u0631\u0642\u0627\u0628\u0629 \u0639\u0644\u0649 \u0627\u0644\u0635\u062d\u0641 \u0641\u064a \u0627\u0644\u062c\u0632\u0627\u0626\u0631: \u0645\u0646 \u062e\u0644\u0627\u0644 \u062f\u0648\u0631 \u0633\u0644\u0637\u0627\u062a \u0627\u0644\u0636\u0628\u0637 \u0627\u0644\u0645\u062e\u062a\u0644\u0641\u0629 \u0641\u064a &hellip;<\/p>\n<p class=\"read-more\"> <a class=\"\" href=\"https:\/\/labo.univ-batna.dz\/lsh-aep\/?page_id=3385\"> <span class=\"screen-reader-text\">volume1-num1 et 2<\/span> \u0642\u0631\u0627\u0621\u0629 \u0627\u0644\u0645\u0632\u064a\u062f &raquo;<\/a><\/p>\n","protected":false},"author":1,"featured_media":0,"parent":0,"menu_order":0,"comment_status":"closed","ping_status":"closed","template":"","meta":{"site-sidebar-layout":"no-sidebar","site-content-layout":"page-builder","ast-global-header-display":"","ast-main-header-display":"","ast-hfb-above-header-display":"","ast-hfb-below-header-display":"","ast-hfb-mobile-header-display":"","site-post-title":"disabled","ast-breadcrumbs-content":"","ast-featured-img":"disabled","footer-sml-layout":"","theme-transparent-header-meta":"","adv-header-id-meta":"","stick-header-meta":"","header-above-stick-meta":"","header-main-stick-meta":"","header-below-stick-meta":"","footnotes":""},"class_list":["post-3385","page","type-page","status-publish","hentry"],"_links":{"self":[{"href":"https:\/\/labo.univ-batna.dz\/lsh-aep\/index.php?rest_route=\/wp\/v2\/pages\/3385","targetHints":{"allow":["GET"]}}],"collection":[{"href":"https:\/\/labo.univ-batna.dz\/lsh-aep\/index.php?rest_route=\/wp\/v2\/pages"}],"about":[{"href":"https:\/\/labo.univ-batna.dz\/lsh-aep\/index.php?rest_route=\/wp\/v2\/types\/page"}],"author":[{"embeddable":true,"href":"https:\/\/labo.univ-batna.dz\/lsh-aep\/index.php?rest_route=\/wp\/v2\/users\/1"}],"replies":[{"embeddable":true,"href":"https:\/\/labo.univ-batna.dz\/lsh-aep\/index.php?rest_route=%2Fwp%2Fv2%2Fcomments&post=3385"}],"version-history":[{"count":73,"href":"https:\/\/labo.univ-batna.dz\/lsh-aep\/index.php?rest_route=\/wp\/v2\/pages\/3385\/revisions"}],"predecessor-version":[{"id":5543,"href":"https:\/\/labo.univ-batna.dz\/lsh-aep\/index.php?rest_route=\/wp\/v2\/pages\/3385\/revisions\/5543"}],"wp:attachment":[{"href":"https:\/\/labo.univ-batna.dz\/lsh-aep\/index.php?rest_route=%2Fwp%2Fv2%2Fmedia&parent=3385"}],"curies":[{"name":"wp","href":"https:\/\/api.w.org\/{rel}","templated":true}]}}