{"id":415,"date":"2024-07-08T13:29:30","date_gmt":"2024-07-08T10:29:30","guid":{"rendered":"https:\/\/labo.univ-batna.dz\/lrprim\/?page_id=415"},"modified":"2024-07-08T13:29:30","modified_gmt":"2024-07-08T10:29:30","slug":"reseqrch-projects","status":"publish","type":"page","link":"https:\/\/labo.univ-batna.dz\/lrprim\/?page_id=415","title":{"rendered":"Reseqrch Projects"},"content":{"rendered":"\n<figure class=\"wp-block-table\"><table><tbody><tr><td><strong>Intitul\u00e9 du Projet<\/strong><\/td><td><strong>Porteur de projet<\/strong><\/td><td><strong>Membres<\/strong><\/td><td><strong>Date d\u00e9but et fin<\/strong><\/td><\/tr><tr><td>Structure et dynamique des systemes nucl\u00e9aire et atomique<\/td><td>Pr. Bouldjedri Abdelhamid<\/td><td>Dr. Bouhlel Mouna, Dr. Aissaoui Lamia, Guendouz Rania doc, Ghodbane Imane doc Khadir Mohamed Islem doc<\/td><td>01-01-2023\/ 2027<\/td><\/tr><tr><td>Confined Atomic Systems in Charged Environments<\/td><td>Pr. Moumni Mustapha<\/td><td>Dr.Becir Ahmed&nbsp; Khaled Fatma Zohra Doc Ghemari Samar&nbsp; Doc Hammadi Wafa Doc<\/td><td>&nbsp;<\/td><\/tr><tr><td>&nbsp;G\u00e9ometrie,mod\u00e8le standard et gravit\u00e9 quantique<\/td><td>&nbsp;Zaim Slimen<\/td><td>Pr. Delenda Yazid Pr. Ouachria Mekki Larbi Mohamed Aimen doc Ghezal Achwaq doc Bara Fatima Zohra&nbsp; doc&nbsp;<\/td><td>&nbsp;<\/td><\/tr><tr><td>Ondes et Instabilit\u00e9s dans les Plasmas cr\u00e9\u00e9s par Laser dans le contexte de la Fusion Thermonucl\u00e9aire Magn\u00e9to-Inertielle<\/td><td>Pr. Sid Abdelaziz<\/td><td>Dr. Boultif Oussama Naceur Rebiha doc<\/td><td>1\/12019 au 31\/12\/2022<\/td><\/tr><tr><td>Etude des ph\u00e9nom\u00e8nes physiques mis en jeu lors de l&#8217;interaction de l&#8217;onde \u00e9lectromagn\u00e9tique avec le plasma<\/td><td>Pr. Sid Abdelaziz<\/td><td>&nbsp;<\/td><td>En phase d&#8217;expertise. Accept\u00e9 par la CRUEST en 2019. 04 ans<\/td><\/tr><tr><td>Physique nucl\u00e9aire, atomique et fluides astrophysiques<\/td><td>Pr. Abdelhamid Bouldjedri<\/td><td>Dr. Bouhelal Mouna Dr. Aissaoui Lamia Mebrake Hanane doc Ameziane Firouz doc Boubir Abir doc<\/td><td>01.01.2018 04 ans<\/td><\/tr><tr><td>Etude de quelques observables non globaux en QCD et de processus de cr\u00e9ation de particules dans un espace-temps non commutatif<\/td><td>Yazid Delenda<\/td><td>&nbsp;<\/td><td>En phase d&#8217;expertise. &nbsp;Accept\u00e9 par la CRUEST en 2019. &nbsp;04 ans<\/td><\/tr><\/tbody><\/table><\/figure>\n","protected":false},"excerpt":{"rendered":"<p>Intitul\u00e9 du Projet Porteur de projet Membres Date d\u00e9but et fin Structure et dynamique des systemes nucl\u00e9aire et atomique Pr. Bouldjedri Abdelhamid Dr. Bouhlel Mouna, Dr. Aissaoui Lamia, Guendouz Rania doc, Ghodbane Imane doc Khadir Mohamed Islem doc 01-01-2023\/ 2027 Confined Atomic Systems in Charged Environments Pr. Moumni Mustapha Dr.Becir Ahmed&nbsp; Khaled Fatma Zohra Doc [&hellip;]<\/p>\n","protected":false},"author":1,"featured_media":0,"parent":0,"menu_order":0,"comment_status":"closed","ping_status":"closed","template":"","meta":{"site-sidebar-layout":"default","site-content-layout":"","ast-site-content-layout":"default","site-content-style":"default","site-sidebar-style":"default","ast-global-header-display":"","ast-banner-title-visibility":"","ast-main-header-display":"","ast-hfb-above-header-display":"","ast-hfb-below-header-display":"","ast-hfb-mobile-header-display":"","site-post-title":"","ast-breadcrumbs-content":"","ast-featured-img":"","footer-sml-layout":"","theme-transparent-header-meta":"","adv-header-id-meta":"","stick-header-meta":"","header-above-stick-meta":"","header-main-stick-meta":"","header-below-stick-meta":"","astra-migrate-meta-layouts":"set","ast-page-background-enabled":"default","ast-page-background-meta":{"desktop":{"background-color":"var(--ast-global-color-4)","background-image":"","background-repeat":"repeat","background-position":"center center","background-size":"auto","background-attachment":"scroll","background-type":"","background-media":"","overlay-type":"","overlay-color":"","overlay-opacity":"","overlay-gradient":""},"tablet":{"background-color":"","background-image":"","background-repeat":"repeat","background-position":"center center","background-size":"auto","background-attachment":"scroll","background-type":"","background-media":"","overlay-type":"","overlay-color":"","overlay-opacity":"","overlay-gradient":""},"mobile":{"background-color":"","background-image":"","background-repeat":"repeat","background-position":"center center","background-size":"auto","background-attachment":"scroll","background-type":"","background-media":"","overlay-type":"","overlay-color":"","overlay-opacity":"","overlay-gradient":""}},"ast-content-background-meta":{"desktop":{"background-color":"var(--ast-global-color-5)","background-image":"","background-repeat":"repeat","background-position":"center center","background-size":"auto","background-attachment":"scroll","background-type":"","background-media":"","overlay-type":"","overlay-color":"","overlay-opacity":"","overlay-gradient":""},"tablet":{"background-color":"var(--ast-global-color-5)","background-image":"","background-repeat":"repeat","background-position":"center center","background-size":"auto","background-attachment":"scroll","background-type":"","background-media":"","overlay-type":"","overlay-color":"","overlay-opacity":"","overlay-gradient":""},"mobile":{"background-color":"var(--ast-global-color-5)","background-image":"","background-repeat":"repeat","background-position":"center center","background-size":"auto","background-attachment":"scroll","background-type":"","background-media":"","overlay-type":"","overlay-color":"","overlay-opacity":"","overlay-gradient":""}},"footnotes":""},"class_list":["post-415","page","type-page","status-publish","hentry"],"_links":{"self":[{"href":"https:\/\/labo.univ-batna.dz\/lrprim\/index.php?rest_route=\/wp\/v2\/pages\/415","targetHints":{"allow":["GET"]}}],"collection":[{"href":"https:\/\/labo.univ-batna.dz\/lrprim\/index.php?rest_route=\/wp\/v2\/pages"}],"about":[{"href":"https:\/\/labo.univ-batna.dz\/lrprim\/index.php?rest_route=\/wp\/v2\/types\/page"}],"author":[{"embeddable":true,"href":"https:\/\/labo.univ-batna.dz\/lrprim\/index.php?rest_route=\/wp\/v2\/users\/1"}],"replies":[{"embeddable":true,"href":"https:\/\/labo.univ-batna.dz\/lrprim\/index.php?rest_route=%2Fwp%2Fv2%2Fcomments&post=415"}],"version-history":[{"count":1,"href":"https:\/\/labo.univ-batna.dz\/lrprim\/index.php?rest_route=\/wp\/v2\/pages\/415\/revisions"}],"predecessor-version":[{"id":416,"href":"https:\/\/labo.univ-batna.dz\/lrprim\/index.php?rest_route=\/wp\/v2\/pages\/415\/revisions\/416"}],"wp:attachment":[{"href":"https:\/\/labo.univ-batna.dz\/lrprim\/index.php?rest_route=%2Fwp%2Fv2%2Fmedia&parent=415"}],"curies":[{"name":"wp","href":"https:\/\/api.w.org\/{rel}","templated":true}]}}