{"id":411,"date":"2024-07-08T13:25:16","date_gmt":"2024-07-08T10:25:16","guid":{"rendered":"https:\/\/labo.univ-batna.dz\/lrprim\/?page_id=411"},"modified":"2024-09-24T11:47:15","modified_gmt":"2024-09-24T08:47:15","slug":"magistral-theses","status":"publish","type":"page","link":"https:\/\/labo.univ-batna.dz\/lrprim\/?page_id=411","title":{"rendered":"Magistral theses"},"content":{"rendered":"\n<figure class=\"wp-block-table is-style-stripes\"><table><tbody><tr><td><strong>Magistrant<\/strong><\/td><td><strong>Th\u00e9se<\/strong>&nbsp;<\/td><td><strong>Option<\/strong>&nbsp;<\/td><td><strong>Rapporteur<\/strong>&nbsp;<\/td><td><strong>Ann\u00e9e<\/strong>&nbsp;<\/td><td><strong>T\u00e9l\u00e9charger<\/strong>&nbsp;<\/td><\/tr><tr><td>&nbsp;\u0633\u0647\u0627\u0645 \u0642\u0644\u0627\u0628<\/td><td>&nbsp;Effet laser dans les milieux Stellaires<\/td><td>&nbsp;\u0627\u0644\u0641\u064a\u0632\u064a\u0627\u0621 \u0627\u0644\u0641\u0644\u0643\u064a\u0629<\/td><td>&nbsp;Adelaziz Sid<\/td><td>&nbsp;2015<\/td><td>\u00a0<img decoding=\"async\" style=\"width: 100px;\" src=\"https:\/\/labo.univ-batna.dz\/lrprim\/wp-content\/uploads\/2024\/09\/images.jpg\" alt=\"\"><a href=\"file:\/\/\/C:\/My%20Web%20Sites\/sitelabo\/labo.univ-batna.dz\/lrprim\/images\/files\/galab2015.pdf\"><\/a><\/td><\/tr><\/tbody><\/table><\/figure>\n\n\n\n<figure class=\"wp-block-table is-style-stripes\"><table><tbody><tr><td><strong>Magistrant<\/strong><\/td><td><strong>Th\u00e9se<\/strong><\/td><td><strong>Option<\/strong><\/td><td><strong>Rapporteur<\/strong><\/td><td><strong>Ann\u00e9e<\/strong><\/td><td><strong>T\u00e9l\u00e9charger<\/strong><\/td><\/tr><tr><td>S.Lebbal<\/td><td>&nbsp;GEOPHYSICAL NEUTRINOS IN STANDARD<br>MODEL EXTENSIONS&nbsp;<\/td><td>Physique des Rayonnements<\/td><td>&nbsp;J. MIMOUNIProfesseur, Universit\u00e9 de Constantine<\/td><td>&nbsp;<\/td><td>\u00a0<img decoding=\"async\" style=\"width: 100px;\" src=\"https:\/\/labo.univ-batna.dz\/lrprim\/wp-content\/uploads\/2024\/09\/images.jpg\" alt=\"\"><a href=\"file:\/\/\/C:\/My%20Web%20Sites\/sitelabo\/labo.univ-batna.dz\/lrprim\/images\/files\/Lebbal.pdf\"><\/a><\/td><\/tr><tr><td>Yahiaoui Mohammed Laid<\/td><td>ETUDE ET MISE EN OEUVRE DE LA TECHNIQUE RING-DIAGRAM POUR L\u2019ANALYSE DES PH\u00c9NOM\u00c8NE LOCAUX SOLAIRES<\/td><td>Astrophysique<\/td><td>Mr N.SEGHOUANI<br>-M.R.A au CRAAG-<br>&nbsp;<\/td><td>2012<\/td><td><img decoding=\"async\" style=\"width: 100px;\" src=\"https:\/\/labo.univ-batna.dz\/lrprim\/wp-content\/uploads\/2024\/09\/images.jpg\" alt=\"\"><a href=\"file:\/\/\/C:\/My%20Web%20Sites\/sitelabo\/labo.univ-batna.dz\/lrprim\/images\/files\/yahiaoui.pdf\"><\/a><\/td><\/tr><tr><td>\u0627\u0644\u0639\u0645\u0631\u064a \u0635\u0627\u0628\u0631\u0629<\/td><td><a href=\"http:\/\/theses.univ-batna.dz\/index.php?option=com_docman&amp;task=doc_download&amp;gid=1025&amp;Itemid=4\">\u062a<\/a>\u0641\u0643\u0643 \u0627\u0644\u062b\u0642\u0648\u0628 \u0627\u0644\u0633\u0648\u062f\u0627\u0621 \u0627\u0644\u0645\u062c\u0647\u0631\u064a \u0641\u064a \u0627\u0644\u063a\u0644\u0627\u0641 \u0627\u0644\u062c\u0648\u064a mini black holes decay in the atmospher<\/td><td>\u0627\u0644\u0641\u064a\u0632\u064a\u0627\u0621 \u0627\u0644\u0641\u0644\u0643\u064a\u0629<\/td><td>djamel mimouni univ-constantine<\/td><td>2012<\/td><td><img decoding=\"async\" style=\"width: 100px;\" src=\"https:\/\/labo.univ-batna.dz\/lrprim\/wp-content\/uploads\/2024\/09\/images.jpg\" alt=\"\"><a href=\"file:\/\/\/C:\/My%20Web%20Sites\/sitelabo\/labo.univ-batna.dz\/lrprim\/images\/files\/sabra.pdf\"><\/a><\/td><\/tr><tr><td>DJETTAOU SOUAD<\/td><td>Mod\u00e9lisations de nouvelles sources laser pour applications m\u00e9dicales<\/td><td>Physique des rayonnements<\/td><td>D. BAHLOUL<br>&nbsp; universit\u00e9 de Batna<\/td><td>2012<\/td><td><img decoding=\"async\" style=\"width: 100px;\" src=\"https:\/\/labo.univ-batna.dz\/lrprim\/wp-content\/uploads\/2024\/09\/images.jpg\" alt=\"\"><a href=\"http:\/\/theses.univ-batna.dz\/index.php?option=com_docman&amp;task=doc_download&amp;gid=1244&amp;Itemid=4\"><\/a><\/td><\/tr><tr><td>Bennoui Fatiha<\/td><td>L\u2019ESTIMATION DES PARAMETRES DE LA TURBULENCE ATMOSPHERIQUE\u00ab L\u2019EXPERIENCE MISOLFA<\/td><td>Astro physique<\/td><td>Dr. Toufik Alhak. Abdelatif<\/td><td>2012<\/td><td><img decoding=\"async\" style=\"width: 100px;\" src=\"https:\/\/labo.univ-batna.dz\/lrprim\/wp-content\/uploads\/2024\/09\/images.jpg\" alt=\"\"><a href=\"file:\/\/\/C:\/My%20Web%20Sites\/sitelabo\/labo.univ-batna.dz\/lrprim\/images\/files\/benouifatiha.pdf\"><\/a><\/td><\/tr><tr><td>Faiza Si belkhir<\/td><td>En vue de l\u2019obtention du Dipl\u00f4me de Magist\u00e8re en physique<\/td><td>Astrophysique<\/td><td>R. ATTALLAH &nbsp;<\/td><td>2012<\/td><td><img decoding=\"async\" style=\"width: 100px;\" src=\"https:\/\/labo.univ-batna.dz\/lrprim\/wp-content\/uploads\/2024\/09\/images.jpg\" alt=\"\"><a href=\"file:\/\/\/C:\/My%20Web%20Sites\/sitelabo\/labo.univ-batna.dz\/lrprim\/images\/files\/sibelkhirfaiza.pdf\"><\/a><\/td><\/tr><\/tbody><\/table><\/figure>\n\n\n\n<figure class=\"wp-block-table is-style-stripes\"><table><tbody><tr><td>Magistrant<\/td><td>Th\u00e9se<\/td><td>Option<\/td><td>Rapporteur<\/td><td>Ann\u00e9e<\/td><td>T\u00e9l\u00e9charger<\/td><\/tr><tr><td>Amelal Abderahim<\/td><td>Les \u00e9toiles \u00e0 neutrons: \u00c9tude des propri\u00e9t\u00e9s cin\u00e9tiques&nbsp;<\/td><td>ASTROPHYSIQUE<\/td><td>A. BOULDJEDRI<\/td><td>2011<\/td><td><img decoding=\"async\" style=\"width: 100px;\" src=\"https:\/\/labo.univ-batna.dz\/lrprim\/wp-content\/uploads\/2024\/09\/images.jpg\" alt=\"\"><a href=\"file:\/\/\/C:\/My%20Web%20Sites\/sitelabo\/labo.univ-batna.dz\/lrprim\/images\/files\/amelalabdrahim.pdf\"><\/a><\/td><\/tr><tr><td>REKIK Rima<\/td><td>Etude th\u00e9orique de l\u2019interaction d\u2019un syst\u00e8me a deux niveaux avec un champ magn\u00e9tique par l\u2019approche<\/td><td>Physique des Rayonnements<\/td><td>Aouachria Mekki Univ-Batna<\/td><td>2011<\/td><td><img decoding=\"async\" style=\"width: 100px;\" src=\"https:\/\/labo.univ-batna.dz\/lrprim\/wp-content\/uploads\/2024\/09\/images.jpg\" alt=\"\"><a href=\"file:\/\/\/C:\/My%20Web%20Sites\/sitelabo\/labo.univ-batna.dz\/lrprim\/images\/files\/Rkik.pdf\"><\/a><\/td><\/tr><tr><td>Daamouche&nbsp; Adel<\/td><td>Etude des ph\u00e9nom\u00e8nes de relaxation m\u00e9canique dans un alliage monocristallin \u00e0 phase dispers\u00e9e : Al \u2013 Ag (20%at. Ag) enregistrement. M\/530\/72<\/td><td>Microstructure et m\u00e9canique des mat\u00e9riaux<\/td><td>M. BELAMRI Ch\u00e9rif Univ-Batna<\/td><td>2011<\/td><td><img decoding=\"async\" style=\"width: 100px;\" src=\"https:\/\/labo.univ-batna.dz\/lrprim\/wp-content\/uploads\/2024\/09\/images.jpg\" alt=\"\"><a href=\"file:\/\/\/C:\/My%20Web%20Sites\/sitelabo\/labo.univ-batna.dz\/lrprim\/images\/files\/Daamouche.pdf\"><\/a><\/td><\/tr><tr><td>R. Khalfaoui<\/td><td>Etude du mixage ionique du syst\u00e8me Au\/Si et formation de siliciures d\u2019or par les techniques RBS et XPS.<\/td><td>&nbsp;<\/td><td>&nbsp;<\/td><td>2011<\/td><td><img decoding=\"async\" style=\"width: 100px;\" src=\"https:\/\/labo.univ-batna.dz\/lrprim\/wp-content\/uploads\/2024\/09\/images.jpg\" alt=\"\"><\/td><\/tr><tr><td>Babess khatir<\/td><td>Etude alg\u00e9brique des spectres \u00e9lectroniques mol\u00e9culaires<\/td><td>&nbsp;<\/td><td>A.Bouldjedri<\/td><td>2011<\/td><td><img decoding=\"async\" style=\"width: 100px;\" src=\"https:\/\/labo.univ-batna.dz\/lrprim\/wp-content\/uploads\/2024\/09\/images.jpg\" alt=\"\"><\/td><\/tr><tr><td>Leghmouche Amel<\/td><td>Le milieu interstellaire: effet du terme quadrupolaire magn\u00e9tique dans le probl\u00e8me de Stormer<\/td><td>&nbsp;<\/td><td>A.Bouldjedri<\/td><td>2011<\/td><td><img decoding=\"async\" style=\"width: 100px;\" src=\"https:\/\/labo.univ-batna.dz\/lrprim\/wp-content\/uploads\/2024\/09\/images.jpg\" alt=\"\"><\/td><\/tr><\/tbody><\/table><\/figure>\n\n\n\n<figure class=\"wp-block-table is-style-stripes\"><table><tbody><tr><td>Magistrant<\/td><td>Th\u00e9se<\/td><td>Option<\/td><td>Rapporteur<\/td><td>Ann\u00e9e<\/td><td>T\u00e9l\u00e9charger<\/td><\/tr><tr><td>Taab\u00e8che&nbsp; Salah<\/td><td>Etude par spectroscopie m\u00e9canique isotherme des m\u00e9canismes de relaxation dans un alliage d\u2019Al \u2013 Mg (5%) tremp\u00e9. N enregistrement .&nbsp;M\/530\/64<\/td><td>Microstructure et m\u00e9canique des mat\u00e9riaux<\/td><td>Mme. BELHAS Saida Univ-Batna<\/td><td>2010<\/td><td><img decoding=\"async\" style=\"width: 100px;\" src=\"https:\/\/labo.univ-batna.dz\/lrprim\/wp-content\/uploads\/2024\/09\/images.jpg\" alt=\"\"><a href=\"file:\/\/\/C:\/My%20Web%20Sites\/sitelabo\/labo.univ-batna.dz\/lrprim\/images\/files\/salah(1).pdf\"><\/a><\/td><\/tr><tr><td>&nbsp;Kebbab Abdelhamid<\/td><td>Etude de l\u2019action combin\u00e9e : effet d\u2019amplitude \u2013 temp\u00e9rature de recuit sur les ph\u00e9nom\u00e8nes de relaxation observ\u00e9s dans un alliage d\u2019Al \u2013 Mg (5%) recuit. N\u00b0 enregistement.&nbsp;M\/530\/63<\/td><td>Microstructure et M\u00e9canique des Mat\u00e9riaux<\/td><td>M. BELAMRI Ch\u00e9rif Univ-Batna<\/td><td>2010<\/td><td><img decoding=\"async\" style=\"width: 100px;\" src=\"https:\/\/labo.univ-batna.dz\/lrprim\/wp-content\/uploads\/2024\/09\/images.jpg\" alt=\"\"><a href=\"file:\/\/\/C:\/My%20Web%20Sites\/sitelabo\/labo.univ-batna.dz\/lrprim\/images\/files\/Kebab(2).pdf\"><\/a><\/td><\/tr><tr><td>Bendaas Abdelwahed<\/td><td>Contribution de l\u2019action combin\u00e9e : effet d\u2019amplitude \u2013 temp\u00e9rature de recuit dans le ph\u00e9nom\u00e8ne de frottement int\u00e9rieur observ\u00e9 sur un composite \u00e0 matrice m\u00e9tallique :(Al \u2013 Cu) \u00e0 20% de whiskers de SiC N enregistrement :&nbsp;M\/530\/61<\/td><td>Microstructure et M\u00e9canique des Mat\u00e9riaux<\/td><td>Mme. BELHAS Saida Univ-Batna<\/td><td>2010<\/td><td><img decoding=\"async\" style=\"width: 100px;\" src=\"https:\/\/labo.univ-batna.dz\/lrprim\/wp-content\/uploads\/2024\/09\/images.jpg\" alt=\"\"><a href=\"file:\/\/\/C:\/My%20Web%20Sites\/sitelabo\/labo.univ-batna.dz\/lrprim\/images\/files\/bendaas.pdf\"><\/a><\/td><\/tr><tr><td>FAIROUZ AMEZIANE<\/td><td>Atomes l\u00e9gers dans les champs magn\u00e9tique et \u00e9lectrique des objets astrophysiques compacts<\/td><td>Physique Subatomique<\/td><td>A.Bouldjedri Prof Univ-Batna<\/td><td>2010<\/td><td><img decoding=\"async\" style=\"width: 100px;\" src=\"https:\/\/labo.univ-batna.dz\/lrprim\/wp-content\/uploads\/2024\/09\/images.jpg\" alt=\"\"><a href=\"file:\/\/\/C:\/My%20Web%20Sites\/sitelabo\/labo.univ-batna.dz\/lrprim\/images\/files\/firouz.pdf\"><\/a><\/td><\/tr><tr><td>BELGHIT SLIMEN<\/td><td>Effet de saturation de l&#8217;instabilit\u00e9 de weibel induite par bremsstrahlung inverse<\/td><td>Plasmas Et Lasers<\/td><td>K. Bendib-kalache Prof USTHB-Alger<\/td><td>2010<\/td><td><img decoding=\"async\" style=\"width: 100px;\" src=\"https:\/\/labo.univ-batna.dz\/lrprim\/wp-content\/uploads\/2024\/09\/images.jpg\" alt=\"\"><a href=\"file:\/\/\/C:\/My%20Web%20Sites\/sitelabo\/labo.univ-batna.dz\/lrprim\/images\/files\/belghit.pdf\"><\/a><\/td><\/tr><tr><td>Soumia LEBBAL<\/td><td>Geophysical neutrinos in standard model extensions<\/td><td>Physique des Rayonnements<\/td><td>Mr. J. MIMOUNI Prof Univ- Constantine<\/td><td>2010<\/td><td><img decoding=\"async\" style=\"width: 100px;\" src=\"https:\/\/labo.univ-batna.dz\/lrprim\/wp-content\/uploads\/2024\/09\/images.jpg\" alt=\"\"><a href=\"file:\/\/\/C:\/My%20Web%20Sites\/sitelabo\/labo.univ-batna.dz\/lrprim\/images\/files\/Lebbal.pdf\"><\/a><\/td><\/tr><tr><td>ZEGHICHI LEYLA<\/td><td>Etude D\u2019une D\u00e9charge Electrique par la M\u00e9thode De Monte Carlo<\/td><td>Plasmas-Lasers<\/td><td>Mokhneche leila Prof Univ Batna<\/td><td>2010<\/td><td><img decoding=\"async\" style=\"width: 100px;\" src=\"https:\/\/labo.univ-batna.dz\/lrprim\/wp-content\/uploads\/2024\/09\/images.jpg\" alt=\"\"><a href=\"file:\/\/\/C:\/My%20Web%20Sites\/sitelabo\/labo.univ-batna.dz\/lrprim\/images\/files\/Zghichi(1).pdf\"><\/a><\/td><\/tr><tr><td>HELASSA AMEL<\/td><td>Simulation des processus dynamiques des fluides astrophysiques &nbsp;<\/td><td>Physique subatomique<\/td><td>A.Bouldjedri Prof Univ.Batna<\/td><td>2010<\/td><td><img decoding=\"async\" style=\"width: 100px;\" src=\"https:\/\/labo.univ-batna.dz\/lrprim\/wp-content\/uploads\/2024\/09\/images.jpg\" alt=\"\"><\/td><\/tr><\/tbody><\/table><\/figure>\n\n\n\n<figure class=\"wp-block-table is-style-stripes\"><table><thead><tr><td>Magistrant<\/td><td>these<\/td><td>option<\/td><td>rapporteur<\/td><td>Ann\u00e9e<\/td><td>Telecharger<\/td><\/tr><tr><td>AZIEZ SIHAM<\/td><td>Etude th\u00e9orique et num\u00e9rique de la propagation des solitons dans les fibres optiques<\/td><td>physique des Rayonnements<\/td><td>D. BAHLOUL M.C Univ Batna<\/td><td>2009<\/td><td><img decoding=\"async\" style=\"width: 100px;\" src=\"https:\/\/labo.univ-batna.dz\/lrprim\/wp-content\/uploads\/2024\/09\/images.jpg\" alt=\"\"><a href=\"file:\/\/\/C:\/My%20Web%20Sites\/sitelabo\/labo.univ-batna.dz\/lrprim\/images\/files\/Azziez.pdf\"><\/a><\/td><\/tr><tr><td>FISLI MOHAMED<\/td><td>\u062a\u0623\u062b\u064a\u0631 \u0627\u0644\u062d\u0642\u0644 \u0627\u0644\u0645\u063a\u0646\u0627\u0637\u064a\u0633\u064a \u0627\u0644\u0623\u0631\u0636\u064a \u0641\u064a \u0627\u0644\u0623\u0634\u0639\u0629 \u0627\u0644\u0643\u0648\u0646\u064a\u0629<\/td><td>Physique des rayonnements<\/td><td>&nbsp;A.Redha Prof Univ Annaba<\/td><td>2009<\/td><td><img decoding=\"async\" style=\"width: 100px;\" src=\"https:\/\/labo.univ-batna.dz\/lrprim\/wp-content\/uploads\/2024\/09\/images.jpg\" alt=\"\"><a href=\"file:\/\/\/C:\/My%20Web%20Sites\/sitelabo\/labo.univ-batna.dz\/lrprim\/images\/files\/fisli(1).pdf\"><\/a><\/td><\/tr><tr><td>BOULTIF OUSSAMA<\/td><td>Mod\u00e9lisation de l\u2019interaction d\u2019une impulsion laser Ultra-Courte avec un di\u00e9lectrique<\/td><td>Laser-Plasma<\/td><td>A. Bendib Prof USTHB-Alger<\/td><td>2009<\/td><td><img decoding=\"async\" style=\"width: 100px;\" src=\"https:\/\/labo.univ-batna.dz\/lrprim\/wp-content\/uploads\/2024\/09\/images.jpg\" alt=\"\"><a href=\"file:\/\/\/C:\/My%20Web%20Sites\/sitelabo\/labo.univ-batna.dz\/lrprim\/images\/files\/boultif(1).pdf\"><\/a><\/td><\/tr><tr><td>BEKHOUCHE MOHAMED<\/td><td>Etude des instabilites electromagnetiques dans les plasmas crees par laser<\/td><td>Physique des Rayonnements<\/td><td>A.SID M.C Univ Batna<\/td><td>2009<\/td><td><img decoding=\"async\" style=\"width: 100px;\" src=\"https:\/\/labo.univ-batna.dz\/lrprim\/wp-content\/uploads\/2024\/09\/images.jpg\" alt=\"\"><a href=\"file:\/\/\/C:\/My%20Web%20Sites\/sitelabo\/labo.univ-batna.dz\/lrprim\/images\/files\/bekhouche.pdf\"><\/a><\/td><\/tr><tr><td>ZOUIOUECHE MOHAMED<\/td><td>Le phenomene de clustering dans le noyau atomique<\/td><td>&nbsp;<\/td><td>A.Bouldjedri &nbsp;&nbsp;&nbsp;&nbsp;&nbsp; Prof &nbsp; Univ Batna<\/td><td>2009<\/td><td><img decoding=\"async\" style=\"width: 100px;\" src=\"https:\/\/labo.univ-batna.dz\/lrprim\/wp-content\/uploads\/2024\/09\/images.jpg\" alt=\"\"><a href=\"file:\/\/\/C:\/My%20Web%20Sites\/sitelabo\/labo.univ-batna.dz\/lrprim\/images\/files\/zouiwech(1).pdf\"><\/a><\/td><\/tr><tr><td>BOUKHARI AMMAR<\/td><td>contribution \u00e0 l\u2019\u00e9tude du mixage ionique du syst\u00e8me Cr\/Si<\/td><td>&nbsp;<\/td><td>S.Tobbeche Prof Univ Batna<\/td><td>2009<\/td><td><img decoding=\"async\" style=\"width: 100px;\" src=\"https:\/\/labo.univ-batna.dz\/lrprim\/wp-content\/uploads\/2024\/09\/images.jpg\" alt=\"\"><\/td><\/tr><\/thead><\/table><\/figure>\n\n\n\n<figure class=\"wp-block-table is-style-stripes\"><table><tbody><tr><td>Magistrant<\/td><td>Th\u00e9se<\/td><td>Option<\/td><td>Rapporteur<\/td><td>Ann\u00e9e<\/td><td>T\u00e9l\u00e9charger<\/td><\/tr><tr><td>RAHMANI YASSINE<\/td><td>Effets du milieu stellaire sur les ph\u00e9nom\u00e8nes nucl\u00e9aires<\/td><td>Physique des Rayonnements<\/td><td>Prof A.Bouldjedri Univ Batna<\/td><td>2008<\/td><td><img decoding=\"async\" style=\"width: 100px;\" src=\"https:\/\/labo.univ-batna.dz\/lrprim\/wp-content\/uploads\/2024\/09\/images.jpg\" alt=\"\"><a href=\"file:\/\/\/C:\/My%20Web%20Sites\/sitelabo\/labo.univ-batna.dz\/lrprim\/images\/files\/rahmani.pdf\"><\/a><\/td><\/tr><tr><td>AOUITI ADEL<\/td><td>Etude de lasers a base d\u2019heterostructure de semi_conducteurs III-V<\/td><td>&nbsp;<\/td><td>A.Ounissi M.C Univ Batna<\/td><td>2008<\/td><td><img decoding=\"async\" style=\"width: 100px;\" src=\"https:\/\/labo.univ-batna.dz\/lrprim\/wp-content\/uploads\/2024\/09\/images.jpg\" alt=\"\"><\/td><\/tr><\/tbody><\/table><\/figure>\n\n\n\n<figure class=\"wp-block-table is-style-stripes\"><table><tbody><tr><td>Magistrant<\/td><td>Th\u00e9se<\/td><td>Option<\/td><td>Rapporteur<\/td><td>Ann\u00e9e<\/td><td>T\u00e9l\u00e9charger<\/td><\/tr><tr><td>Yahia Saadi&nbsp;<\/td><td>G\u00e9n\u00e9ralisation du th\u00e9or\u00e8me adiabatique pour le spectre continu<\/td><td>physique th\u00e9orique<\/td><td>M. Ma\u00e2mache univ-setif<\/td><td>2007<\/td><td><img decoding=\"async\" style=\"width: 100px;\" src=\"https:\/\/labo.univ-batna.dz\/lrprim\/wp-content\/uploads\/2024\/09\/images.jpg\" alt=\"\"><\/td><\/tr><tr><td>Derdour Souad<\/td><td>Etude des effets de relaxation dans un alliage monocristallin de Cu-Al et identification des m\u00e9canismes li\u00e9s \u00e0 ce ph\u00e9nom\u00e8ne<\/td><td>Microstructure et M\u00e9canique des Mat\u00e9riaux<\/td><td>Belhas Saida M.C Univ Batna<\/td><td>2007<\/td><td><img decoding=\"async\" style=\"width: 100px;\" src=\"https:\/\/labo.univ-batna.dz\/lrprim\/wp-content\/uploads\/2024\/09\/images.jpg\" alt=\"\"><a href=\"file:\/\/\/C:\/My%20Web%20Sites\/sitelabo\/labo.univ-batna.dz\/lrprim\/images\/files\/derdour.pdf\"><\/a><\/td><\/tr><tr><td>Lakehal Salima<\/td><td>Application des Alg\u00e8bres quantiques au spectre de l\u2019atome d\u2019hydrog\u00e8ne<\/td><td>&nbsp;<\/td><td>Prof A.Bouldjedri Univ Batna<\/td><td>2007<\/td><td><img decoding=\"async\" style=\"width: 100px;\" src=\"https:\/\/labo.univ-batna.dz\/lrprim\/wp-content\/uploads\/2024\/09\/images.jpg\" alt=\"\"><\/td><\/tr><\/tbody><\/table><\/figure>\n\n\n\n<figure class=\"wp-block-table is-style-stripes\"><table><tbody><tr><td>Magistrant<\/td><td>Th\u00e9se<\/td><td>Option<\/td><td>Rapporteur<\/td><td>Ann\u00e9e<\/td><td>T\u00e9l\u00e9charger<\/td><\/tr><tr><td>Hannachi Douniazed<\/td><td>L\u2019Alg\u00e8bre U1q(2)\u00c5U2q(2) et son application aux vibrations de stretching des mol\u00e9cules X-Y-Z<\/td><td>&nbsp; &nbsp; &nbsp; &nbsp; &nbsp; &nbsp; &nbsp; &nbsp; &nbsp; &nbsp; &nbsp; &nbsp; &nbsp; &nbsp; &nbsp; &nbsp; &nbsp; &nbsp; &nbsp; &nbsp; &nbsp; &nbsp; &nbsp; &nbsp; &nbsp; &nbsp; &nbsp; &nbsp; &nbsp; &nbsp; &nbsp; &nbsp; &nbsp; &nbsp; &nbsp; &nbsp; &nbsp; &nbsp; &nbsp;<\/td><td>Prof A.Bouldjedri Univ Batna<\/td><td>2006<\/td><td><img decoding=\"async\" style=\"width: 100px;\" src=\"https:\/\/labo.univ-batna.dz\/lrprim\/wp-content\/uploads\/2024\/09\/images.jpg\" alt=\"\"><\/td><\/tr><\/tbody><\/table><\/figure>\n","protected":false},"excerpt":{"rendered":"<p>Magistrant Th\u00e9se&nbsp; Option&nbsp; Rapporteur&nbsp; Ann\u00e9e&nbsp; T\u00e9l\u00e9charger&nbsp; &nbsp;\u0633\u0647\u0627\u0645 \u0642\u0644\u0627\u0628 &nbsp;Effet laser dans les milieux Stellaires &nbsp;\u0627\u0644\u0641\u064a\u0632\u064a\u0627\u0621 \u0627\u0644\u0641\u0644\u0643\u064a\u0629 &nbsp;Adelaziz Sid &nbsp;2015 \u00a0 Magistrant Th\u00e9se Option Rapporteur Ann\u00e9e T\u00e9l\u00e9charger S.Lebbal &nbsp;GEOPHYSICAL NEUTRINOS IN STANDARDMODEL EXTENSIONS&nbsp; Physique des Rayonnements &nbsp;J. MIMOUNIProfesseur, Universit\u00e9 de Constantine &nbsp; \u00a0 Yahiaoui Mohammed Laid ETUDE ET MISE EN OEUVRE DE LA TECHNIQUE RING-DIAGRAM POUR [&hellip;]<\/p>\n","protected":false},"author":1,"featured_media":0,"parent":0,"menu_order":0,"comment_status":"closed","ping_status":"closed","template":"","meta":{"site-sidebar-layout":"default","site-content-layout":"","ast-site-content-layout":"default","site-content-style":"default","site-sidebar-style":"default","ast-global-header-display":"","ast-banner-title-visibility":"","ast-main-header-display":"","ast-hfb-above-header-display":"","ast-hfb-below-header-display":"","ast-hfb-mobile-header-display":"","site-post-title":"","ast-breadcrumbs-content":"","ast-featured-img":"","footer-sml-layout":"","theme-transparent-header-meta":"","adv-header-id-meta":"","stick-header-meta":"","header-above-stick-meta":"","header-main-stick-meta":"","header-below-stick-meta":"","astra-migrate-meta-layouts":"set","ast-page-background-enabled":"default","ast-page-background-meta":{"desktop":{"background-color":"var(--ast-global-color-4)","background-image":"","background-repeat":"repeat","background-position":"center center","background-size":"auto","background-attachment":"scroll","background-type":"","background-media":"","overlay-type":"","overlay-color":"","overlay-opacity":"","overlay-gradient":""},"tablet":{"background-color":"","background-image":"","background-repeat":"repeat","background-position":"center center","background-size":"auto","background-attachment":"scroll","background-type":"","background-media":"","overlay-type":"","overlay-color":"","overlay-opacity":"","overlay-gradient":""},"mobile":{"background-color":"","background-image":"","background-repeat":"repeat","background-position":"center center","background-size":"auto","background-attachment":"scroll","background-type":"","background-media":"","overlay-type":"","overlay-color":"","overlay-opacity":"","overlay-gradient":""}},"ast-content-background-meta":{"desktop":{"background-color":"var(--ast-global-color-5)","background-image":"","background-repeat":"repeat","background-position":"center center","background-size":"auto","background-attachment":"scroll","background-type":"","background-media":"","overlay-type":"","overlay-color":"","overlay-opacity":"","overlay-gradient":""},"tablet":{"background-color":"var(--ast-global-color-5)","background-image":"","background-repeat":"repeat","background-position":"center center","background-size":"auto","background-attachment":"scroll","background-type":"","background-media":"","overlay-type":"","overlay-color":"","overlay-opacity":"","overlay-gradient":""},"mobile":{"background-color":"var(--ast-global-color-5)","background-image":"","background-repeat":"repeat","background-position":"center center","background-size":"auto","background-attachment":"scroll","background-type":"","background-media":"","overlay-type":"","overlay-color":"","overlay-opacity":"","overlay-gradient":""}},"footnotes":""},"class_list":["post-411","page","type-page","status-publish","hentry"],"_links":{"self":[{"href":"https:\/\/labo.univ-batna.dz\/lrprim\/index.php?rest_route=\/wp\/v2\/pages\/411","targetHints":{"allow":["GET"]}}],"collection":[{"href":"https:\/\/labo.univ-batna.dz\/lrprim\/index.php?rest_route=\/wp\/v2\/pages"}],"about":[{"href":"https:\/\/labo.univ-batna.dz\/lrprim\/index.php?rest_route=\/wp\/v2\/types\/page"}],"author":[{"embeddable":true,"href":"https:\/\/labo.univ-batna.dz\/lrprim\/index.php?rest_route=\/wp\/v2\/users\/1"}],"replies":[{"embeddable":true,"href":"https:\/\/labo.univ-batna.dz\/lrprim\/index.php?rest_route=%2Fwp%2Fv2%2Fcomments&post=411"}],"version-history":[{"count":3,"href":"https:\/\/labo.univ-batna.dz\/lrprim\/index.php?rest_route=\/wp\/v2\/pages\/411\/revisions"}],"predecessor-version":[{"id":478,"href":"https:\/\/labo.univ-batna.dz\/lrprim\/index.php?rest_route=\/wp\/v2\/pages\/411\/revisions\/478"}],"wp:attachment":[{"href":"https:\/\/labo.univ-batna.dz\/lrprim\/index.php?rest_route=%2Fwp%2Fv2%2Fmedia&parent=411"}],"curies":[{"name":"wp","href":"https:\/\/api.w.org\/{rel}","templated":true}]}}