{"id":409,"date":"2024-07-08T13:21:43","date_gmt":"2024-07-08T10:21:43","guid":{"rendered":"https:\/\/labo.univ-batna.dz\/lrprim\/?page_id=409"},"modified":"2024-10-14T12:49:12","modified_gmt":"2024-10-14T09:49:12","slug":"lmd-doctoral-thesis","status":"publish","type":"page","link":"https:\/\/labo.univ-batna.dz\/lrprim\/?page_id=409","title":{"rendered":"LMD doctoral thesis"},"content":{"rendered":"\n<figure class=\"wp-block-table\"><table><tbody><tr><td>First and last name<\/td><td>Title<\/td><td>option<\/td><td>Rapporteur<\/td><td>Year<\/td><td>download<\/td><\/tr><tr><td>Touati Abdellah<\/td><td>Non-Commutative gauge theory and quantum gravity<\/td><td><\/td><td>Zaim Slimen<\/td><td>2024<\/td><td><a href=\"https:\/\/labo.univ-batna.dz\/lrprim\/wp-content\/uploads\/2024\/10\/PhD-thesis-Abdellah-Touati.pdf\"><img decoding=\"async\" style=\"width: 100px;\" src=\"https:\/\/labo.univ-batna.dz\/lrprim\/wp-content\/uploads\/2024\/09\/images.jpg\" alt=\"\"><\/a><\/td><\/tr><tr><td>Soumia Lebbal<\/td><td>Constraining some Neutrino Violation Properties with respect to Lepton Flavor Violation<\/td><td>Physique Sub-Atomique.<\/td><td>&nbsp;Mimouni Jamal<\/td><td>&nbsp;2023<\/td><td>\u00a0<a href=\"https:\/\/labo.univ-batna.dz\/lrprim\/wp-content\/uploads\/2024\/10\/Thesis-Soumia-LEBBAL.pdf\"><img decoding=\"async\" style=\"width: 100px;\" src=\"https:\/\/labo.univ-batna.dz\/lrprim\/wp-content\/uploads\/2024\/09\/images.jpg\" alt=\"\"><\/a><a href=\"http:\/\/dspace.univ-batna.dz\/bitstream\/123456789\/6790\/1\/Thesis Soumia LEBBAL.pdf\"><\/a><\/td><\/tr><tr><td>Benslama Hana<\/td><td>Ph\u00e9nom\u00e9nologie du rayonnement des gluons de basse \u00e9nergie dans les collisionneurs des particules<\/td><td>&nbsp;Physique des Rayonnements et Astrophysique<\/td><td>&nbsp;Delenda Yazid<\/td><td>&nbsp;2023<\/td><td>&nbsp;<img decoding=\"async\" style=\"width: 100px;\" src=\"https:\/\/labo.univ-batna.dz\/lrprim\/wp-content\/uploads\/2024\/09\/images.jpg\" alt=\"\"><a href=\"http:\/\/dspace.univ-batna.dz\/bitstream\/123456789\/6781\/1\/These.pdf\"><\/a><\/td><\/tr><tr><td>Boubir Abir&nbsp;<\/td><td>&nbsp;Etude de la pulv\u00e9risation en surface et des effets de dommages induit dans des mat\u00e9riaux solides minces sous l&#8217;impact des ions lourds \u00e9nerg\u00e9tiques (~MeV)<\/td><td>&nbsp;physique des rayonnements<\/td><td>&nbsp;Abdelhamid&nbsp; BOULDJEDRI Pr. Ster Maameri<\/td><td>&nbsp;2022<\/td><td><a href=\"https:\/\/labo.univ-batna.dz\/lrprim\/wp-content\/uploads\/2024\/10\/sce-Abir-Boubir.pdf\"><img decoding=\"async\" style=\"width: 100px;\" src=\"https:\/\/labo.univ-batna.dz\/lrprim\/wp-content\/uploads\/2024\/09\/images.jpg\" alt=\"\"><\/a><a href=\"http:\/\/dspace.univ-batna.dz\/handle\/123456789\/3823\"><\/a><\/td><\/tr><tr><td>Hamza Bouaziz<\/td><td>resommation des logarithmes non-globaux et logarithmes de regroupement dans les observables de QCD \u00e0 partir de l\\&#8217;\u00e9volution des gluons de faible \u00e9nergie<\/td><td>&nbsp;Physique th\u00e9orique<\/td><td>&nbsp;Delenda Yazid<\/td><td>2023<\/td><td><a href=\"https:\/\/labo.univ-batna.dz\/lrprim\/wp-content\/uploads\/2024\/10\/Bouaziz.H-These-doctorat-3eme-cycle.pdf\"><img decoding=\"async\" style=\"width: 100px;\" src=\"https:\/\/labo.univ-batna.dz\/lrprim\/wp-content\/uploads\/2024\/09\/images.jpg\" alt=\"\"><\/a><a href=\"http:\/\/dspace.univ-batna.dz\/bitstream\/123456789\/6789\/1\/%5bBouaziz.H%5d - These doctorat 3eme cycle.pdf\"><\/a><\/td><\/tr><tr><td>Merad, Asma<\/td><td>R\u00e9solution de certains probl\u00e8mes relativistes par le formalisme de l\u2019int\u00e9grale de chemin supersym\u00e9trique&nbsp;<\/td><td>Mati\u00e8re et Rayonnements&nbsp;<\/td><td>Aouachria Mekki&nbsp;<\/td><td>2022<\/td><td><a href=\"https:\/\/labo.univ-batna.dz\/lrprim\/wp-content\/uploads\/2024\/10\/sce-Asma-Merad.pdf\"><img decoding=\"async\" style=\"width: 100px;\" src=\"https:\/\/labo.univ-batna.dz\/lrprim\/wp-content\/uploads\/2024\/09\/images.jpg\" alt=\"\"><\/a><a href=\"http:\/\/dspace.univ-batna.dz\/xmlui\/bitstream\/handle\/123456789\/1519\/sce Asma Merad.pdf?sequence=1&amp;isAllowed=y\"><\/a><\/td><\/tr><tr><td>Boultif&nbsp; Oussama<\/td><td>Etude de l\u2019absorption de l\u2019\u00e9nergie \u00e9lectromagn\u00e9tique dans les plasmas magn\u00e9tis\u00e9s<\/td><td>&nbsp;Physique des rayonnements, Option : Laser-Plasma.&nbsp;<\/td><td>&nbsp;Abdelaziz Sid<\/td><td>&nbsp;2021<\/td><td>&nbsp;<img decoding=\"async\" style=\"width: 100px;\" src=\"https:\/\/labo.univ-batna.dz\/lrprim\/wp-content\/uploads\/2024\/09\/images.jpg\" alt=\"\"><a href=\"http:\/\/dspace.univ-batna.dz\/xmlui\/bitstream\/handle\/123456789\/1214\/sce Oussama Boultif.pdf?sequence=1&amp;isAllowed=y\"><\/a><\/td><\/tr><tr><td>Siham AZIEZ<\/td><td>Etude de la propagation des solitons vectoriels dans les syst\u00e8mes \u00e0 multiplexage ultradence en longueur d\u2019onde<\/td><td>Physique des Rayonnements&nbsp;<\/td><td>Derradji Bahloul<\/td><td>2021<\/td><td><img decoding=\"async\" style=\"width: 100px;\" src=\"https:\/\/labo.univ-batna.dz\/lrprim\/wp-content\/uploads\/2024\/09\/images.jpg\" alt=\"\"><a href=\"http:\/\/dspace.univ-batna.dz\/xmlui\/bitstream\/handle\/123456789\/1239\/sce Siham Aziez.pdf?sequence=1&amp;isAllowed=y\"><\/a><\/td><\/tr><tr><td>&nbsp;&nbsp;Hilal BENKHLIL<\/td><td>&nbsp;Traitement des syst\u00e8mes quantiques dans le contexte du formalisme des int\u00e9grales de Feynman<\/td><td>&nbsp;Mati\u00e8re et Rayonnements&nbsp;<\/td><td>&nbsp;Aouachria Mekki&nbsp;<\/td><td>&nbsp;2022<\/td><td>\u00a0<a href=\"https:\/\/labo.univ-batna.dz\/lrprim\/wp-content\/uploads\/2024\/10\/sce-Hilal-Benkhelil.pdf\"><img decoding=\"async\" style=\"width: 100px;\" src=\"https:\/\/labo.univ-batna.dz\/lrprim\/wp-content\/uploads\/2024\/09\/images.jpg\" alt=\"\"><\/a><a href=\"http:\/\/dspace.univ-batna.dz\/bitstream\/123456789\/1667\/1\/sce Hilal Benkhelil.pdf\"><\/a><\/td><\/tr><tr><td>Mohamed Cherif, Khadidja<\/td><td>Calculs neutroniques d\u2019un r\u00e9acteur nucl\u00e9aire naturel<\/td><td>&nbsp;matiere rayonnement et astrophysique<\/td><td>&nbsp;SEGHOUR Abdeslam Directeur de recherche CRNA &#8211; Alger<\/td><td>&nbsp;2022<\/td><td>\u00a0<a href=\"https:\/\/labo.univ-batna.dz\/lrprim\/wp-content\/uploads\/2024\/10\/sce-Khadidja-Mohamed-Cherif.pdf\"><img decoding=\"async\" style=\"width: 100px;\" src=\"https:\/\/labo.univ-batna.dz\/lrprim\/wp-content\/uploads\/2024\/09\/images.jpg\" alt=\"\"><\/a><a href=\"http:\/\/dspace.univ-batna.dz\/xmlui\/bitstream\/handle\/123456789\/1437\/sce Khadidja Mohamed Cherif.pdf?sequence=1&amp;isAllowed=y\"><\/a><\/td><\/tr><tr><td>Ahmane Zoubida<\/td><td>Etude de l&#8217;hydrodynamique stellaire avec le code PLUTO simulation de la photoionisation par un protoetoile dans les jets herbig-Haro<\/td><td>astrophysique<\/td><td>A.Bouldjedri S.Massaglia (Univ-torino-Italie)<\/td><td>2020<\/td><td><img decoding=\"async\" style=\"width: 100px;\" src=\"https:\/\/labo.univ-batna.dz\/lrprim\/wp-content\/uploads\/2024\/09\/images.jpg\" alt=\"\"><\/td><\/tr><\/tbody><\/table><\/figure>\n","protected":false},"excerpt":{"rendered":"<p>First and last name Title option Rapporteur Year download Touati Abdellah Non-Commutative gauge theory and quantum gravity Zaim Slimen 2024 Soumia Lebbal Constraining some Neutrino Violation Properties with respect to Lepton Flavor Violation Physique Sub-Atomique. &nbsp;Mimouni Jamal &nbsp;2023 \u00a0 Benslama Hana Ph\u00e9nom\u00e9nologie du rayonnement des gluons de basse \u00e9nergie dans les collisionneurs des particules &nbsp;Physique [&hellip;]<\/p>\n","protected":false},"author":1,"featured_media":0,"parent":0,"menu_order":0,"comment_status":"closed","ping_status":"closed","template":"","meta":{"site-sidebar-layout":"default","site-content-layout":"","ast-site-content-layout":"default","site-content-style":"default","site-sidebar-style":"default","ast-global-header-display":"","ast-banner-title-visibility":"","ast-main-header-display":"","ast-hfb-above-header-display":"","ast-hfb-below-header-display":"","ast-hfb-mobile-header-display":"","site-post-title":"","ast-breadcrumbs-content":"","ast-featured-img":"","footer-sml-layout":"","theme-transparent-header-meta":"","adv-header-id-meta":"","stick-header-meta":"","header-above-stick-meta":"","header-main-stick-meta":"","header-below-stick-meta":"","astra-migrate-meta-layouts":"set","ast-page-background-enabled":"default","ast-page-background-meta":{"desktop":{"background-color":"var(--ast-global-color-4)","background-image":"","background-repeat":"repeat","background-position":"center center","background-size":"auto","background-attachment":"scroll","background-type":"","background-media":"","overlay-type":"","overlay-color":"","overlay-opacity":"","overlay-gradient":""},"tablet":{"background-color":"","background-image":"","background-repeat":"repeat","background-position":"center center","background-size":"auto","background-attachment":"scroll","background-type":"","background-media":"","overlay-type":"","overlay-color":"","overlay-opacity":"","overlay-gradient":""},"mobile":{"background-color":"","background-image":"","background-repeat":"repeat","background-position":"center center","background-size":"auto","background-attachment":"scroll","background-type":"","background-media":"","overlay-type":"","overlay-color":"","overlay-opacity":"","overlay-gradient":""}},"ast-content-background-meta":{"desktop":{"background-color":"var(--ast-global-color-5)","background-image":"","background-repeat":"repeat","background-position":"center center","background-size":"auto","background-attachment":"scroll","background-type":"","background-media":"","overlay-type":"","overlay-color":"","overlay-opacity":"","overlay-gradient":""},"tablet":{"background-color":"var(--ast-global-color-5)","background-image":"","background-repeat":"repeat","background-position":"center center","background-size":"auto","background-attachment":"scroll","background-type":"","background-media":"","overlay-type":"","overlay-color":"","overlay-opacity":"","overlay-gradient":""},"mobile":{"background-color":"var(--ast-global-color-5)","background-image":"","background-repeat":"repeat","background-position":"center center","background-size":"auto","background-attachment":"scroll","background-type":"","background-media":"","overlay-type":"","overlay-color":"","overlay-opacity":"","overlay-gradient":""}},"footnotes":""},"class_list":["post-409","page","type-page","status-publish","hentry"],"_links":{"self":[{"href":"https:\/\/labo.univ-batna.dz\/lrprim\/index.php?rest_route=\/wp\/v2\/pages\/409","targetHints":{"allow":["GET"]}}],"collection":[{"href":"https:\/\/labo.univ-batna.dz\/lrprim\/index.php?rest_route=\/wp\/v2\/pages"}],"about":[{"href":"https:\/\/labo.univ-batna.dz\/lrprim\/index.php?rest_route=\/wp\/v2\/types\/page"}],"author":[{"embeddable":true,"href":"https:\/\/labo.univ-batna.dz\/lrprim\/index.php?rest_route=\/wp\/v2\/users\/1"}],"replies":[{"embeddable":true,"href":"https:\/\/labo.univ-batna.dz\/lrprim\/index.php?rest_route=%2Fwp%2Fv2%2Fcomments&post=409"}],"version-history":[{"count":4,"href":"https:\/\/labo.univ-batna.dz\/lrprim\/index.php?rest_route=\/wp\/v2\/pages\/409\/revisions"}],"predecessor-version":[{"id":629,"href":"https:\/\/labo.univ-batna.dz\/lrprim\/index.php?rest_route=\/wp\/v2\/pages\/409\/revisions\/629"}],"wp:attachment":[{"href":"https:\/\/labo.univ-batna.dz\/lrprim\/index.php?rest_route=%2Fwp%2Fv2%2Fmedia&parent=409"}],"curies":[{"name":"wp","href":"https:\/\/api.w.org\/{rel}","templated":true}]}}