{"id":407,"date":"2024-07-08T13:20:46","date_gmt":"2024-07-08T10:20:46","guid":{"rendered":"https:\/\/labo.univ-batna.dz\/lrprim\/?page_id=407"},"modified":"2024-10-14T12:56:01","modified_gmt":"2024-10-14T09:56:01","slug":"classic-doctoral-theses","status":"publish","type":"page","link":"https:\/\/labo.univ-batna.dz\/lrprim\/?page_id=407","title":{"rendered":"Classic doctoral theses"},"content":{"rendered":"\n<figure class=\"wp-block-table\"><table><thead><tr><th>Docteur<\/th><th>Titre<\/th><th>Option<\/th><th>Rapporteur<\/th><th>Ann\u00e9e<\/th><th>T\u00e9l\u00e9charger<\/th><\/tr><tr><th>Hadda Krarcha<\/th><th>Etude des propri\u00e9t\u00e9s structurales, \u00e9lectroniques, optiques et vibrationnelles des compos\u00e9s \u00e0 bases des \u00e9l\u00e9ments de transition.<\/th><th>physique<\/th><th>Pr. Bennacer Badis<\/th><th>2023<\/th><th><a href=\"https:\/\/labo.univ-batna.dz\/lrprim\/wp-content\/uploads\/2024\/10\/thesis_Krarcha_avril2023.pdf\"><img decoding=\"async\" style=\"width: 100px;\" src=\"https:\/\/labo.univ-batna.dz\/lrprim\/wp-content\/uploads\/2024\/09\/images.jpg\" alt=\"\"><\/a><a href=\"https:\/\/dspace.univ-guelma.dz\/xmlui\/bitstream\/handle\/123456789\/14244\/thesis_Krarcha_avril2023.pdf?sequence=1&amp;isAllowed=y\"><\/a><\/th><\/tr><tr><th>Hassene BADA<\/th><th>Traitement des probl\u00e8mes relativistes de spin \u00bd par l\u2019approche des int\u00e9grales de chemin<\/th><th>physique theorique<\/th><th>Ouachria Mekki<\/th><th>2022<\/th><th><a href=\"https:\/\/labo.univ-batna.dz\/lrprim\/wp-content\/uploads\/2024\/10\/sce-Hassene-Bada.pdf\"><img decoding=\"async\" style=\"width: 100px;\" src=\"https:\/\/labo.univ-batna.dz\/lrprim\/wp-content\/uploads\/2024\/09\/images.jpg\" alt=\"\"><\/a><a href=\"http:\/\/dspace.univ-batna.dz\/bitstream\/123456789\/1457\/1\/sce Hassene Bada.pdf\"><\/a><\/th><\/tr><tr><th>Azzoui Hanane<\/th><th>Mod\u00e9l\u00e9sation des processus de croissance cristalline des fibres pt\u00e9form\u00e9es<\/th><th>&nbsp;<\/th><th>Sid Abdelaziz<\/th><th>2019<\/th><th><a href=\"https:\/\/labo.univ-batna.dz\/lrprim\/wp-content\/uploads\/2024\/10\/sce-Azoui-Hanane.pdf\"><img decoding=\"async\" style=\"width: 100px;\" src=\"https:\/\/labo.univ-batna.dz\/lrprim\/wp-content\/uploads\/2024\/09\/images.jpg\" alt=\"\"><\/a><\/th><\/tr><tr><th>Mohamed Laid YAHIAOUI<\/th><th>LES TECHNIQUES DE SUPER RESOLUTION SR APPLIQUEES EN IMAGERIE ASTRONOMIQUE ET NUCLEAIRE<\/th><th>astrophysique<\/th><th>Fay\u00e7al KHARFI<\/th><th>2019<\/th><th><img decoding=\"async\" src=\"https:\/\/labo.univ-batna.dz\/lrprim\/wp-content\/uploads\/2024\/09\/images.jpg\" alt=\"\" style=\"width: 100px;\"><a href=\"file:\/\/\/C:\/My%20Web%20Sites\/sitelabo\/labo.univ-batna.dz\/lrprim\/images\/files\/yahiaouilaid.pdf\"><\/a><\/th><\/tr><tr><th>Fatiha Guerfa<\/th><th>Elaboration de c\u00e9ramiques pour diff\u00e9rentes applications: Porcelaines et \/ ou bioc\u00e9ramiques.<\/th><th>physique des materiaux<\/th><th>Abdelhamid Harabi<\/th><th>2017<\/th><th><img decoding=\"async\" src=\"https:\/\/labo.univ-batna.dz\/lrprim\/wp-content\/uploads\/2024\/09\/images.jpg\" alt=\"\" style=\"width: 100px;\"><a href=\"file:\/\/\/C:\/My%20Web%20Sites\/sitelabo\/labo.univ-batna.dz\/lrprim\/images\/files\/guerfa.pdf\"><\/a><\/th><\/tr><tr><th>Kamal Ziadi<\/th><th><a>Etude alg\u00e9brique des excitations collectives mol\u00e9culaires<\/a><\/th><th>Chimie th\u00e9orique<\/th><th>&nbsp;<\/th><th>2017<\/th><th><img decoding=\"async\" src=\"https:\/\/labo.univ-batna.dz\/lrprim\/wp-content\/uploads\/2024\/09\/images.jpg\" alt=\"\" style=\"width: 100px;\"><\/th><\/tr><tr><th>Chekirine Mamoun<\/th><th><br>Etude exp\u00e9rimentale du pouvoir d&#8217;arr\u00eat des lourds et lourds<\/th><th>rayonnements<\/th><th>Tobbeche Said<\/th><th>2017<\/th><th><img decoding=\"async\" src=\"https:\/\/labo.univ-batna.dz\/lrprim\/wp-content\/uploads\/2024\/09\/images.jpg\" alt=\"\" style=\"width: 100px;\"><\/th><\/tr><tr><th>Hannachi Ibtissam<\/th><th>APPLICATION DES PROCESSUS STOCHASTIQUES AUX PROPRIETES RADIATIVES ET DE TRANSPORT DANS LES PLASMAS DE TOKAMAK<\/th><th>Plasma<\/th><th>Mefteh Mohammed Tayeb<\/th><th>2015<\/th><th><img decoding=\"async\" src=\"https:\/\/labo.univ-batna.dz\/lrprim\/wp-content\/uploads\/2024\/09\/images.jpg\" alt=\"\" style=\"width: 100px;\"><\/th><\/tr><tr><th>YAKHELEF ABDERRAHMANE<\/th><th>Etude de noyaux \u00e9loign\u00e9s de la stabilit\u00e9 au voisinage de 100Sn et de noyaux l\u00e9gers \u00e0 l&#8217;aide de mod\u00e8les microscopiques<\/th><th>&nbsp;<\/th><th>A.Bouldjedri<\/th><th>2012<\/th><th><br><img decoding=\"async\" width=\"100\" height=\"100\" class=\"wp-image-473\" style=\"width: 100px;\" src=\"https:\/\/labo.univ-batna.dz\/lrprim\/wp-content\/uploads\/2024\/09\/images.jpg\" alt=\"\" srcset=\"https:\/\/labo.univ-batna.dz\/lrprim\/wp-content\/uploads\/2024\/09\/images.jpg 225w, https:\/\/labo.univ-batna.dz\/lrprim\/wp-content\/uploads\/2024\/09\/images-150x150.jpg 150w\" sizes=\"(max-width: 100px) 100vw, 100px\" \/><br><\/th><\/tr><tr><th>Aissaoui Lamia<\/th><th>Etude de la mobilit\u00e9 par la m\u00e9thode quantique<\/th><th>&nbsp;<\/th><th>Moncef BOULEDROUA<\/th><th>30\/05\/2015<\/th><th><img decoding=\"async\" src=\"https:\/\/labo.univ-batna.dz\/lrprim\/wp-content\/uploads\/2024\/09\/images.jpg\" alt=\"\" style=\"width: 100px;\"><a href=\"file:\/\/\/C:\/My%20Web%20Sites\/sitelabo\/labo.univ-batna.dz\/lrprim\/images\/files\/zouioueche_mohamed.pdf\"><\/a><\/th><\/tr><tr><th>ZOUIOUECHE MOHAMED<\/th><th>&nbsp; Le ph\u00e9nom\u00e8ne de clustering dans le noyau atomique &nbsp;<\/th><th>Physique des Rayonnements<\/th><th>A.Bouldjedri<\/th><th>2014<\/th><th><img decoding=\"async\" src=\"https:\/\/labo.univ-batna.dz\/lrprim\/wp-content\/uploads\/2024\/09\/images.jpg\" alt=\"\" style=\"width: 100px;\"><a href=\"file:\/\/\/C:\/My%20Web%20Sites\/sitelabo\/labo.univ-batna.dz\/lrprim\/images\/files\/zouioueche_mohamed.pdf\"><\/a><\/th><\/tr><tr><th>Benyahia Nawel<\/th><th>etude des mecanismes de relaxation mecanique dans les alliages contenant une phase dispersee<\/th><th>&nbsp;<\/th><th>Belamri Cherif et gerland michel<\/th><th>2013<\/th><th><img decoding=\"async\" src=\"https:\/\/labo.univ-batna.dz\/lrprim\/wp-content\/uploads\/2024\/09\/images.jpg\" alt=\"\" style=\"width: 100px;\"><a href=\"file:\/\/\/C:\/My%20Web%20Sites\/sitelabo\/labo.univ-batna.dz\/lrprim\/images\/files\/scbenyahia.pdf\"><\/a><\/th><\/tr><tr><th>Anoune Moussa<\/th><th>D\u00e9termination des entropies de configuration des<br>solutions solides et liquides polyconstitu\u00e9es:<br>Application au calcul des diagrammes de phases.<\/th><th>&nbsp;<\/th><th>Pr ouachria zeroual univ-batna<br><\/th><th>2012<\/th><th><br><img decoding=\"async\" width=\"100\" height=\"100\" class=\"wp-image-473\" style=\"width: 100px;\" src=\"https:\/\/labo.univ-batna.dz\/lrprim\/wp-content\/uploads\/2024\/09\/images.jpg\" alt=\"\" srcset=\"https:\/\/labo.univ-batna.dz\/lrprim\/wp-content\/uploads\/2024\/09\/images.jpg 225w, https:\/\/labo.univ-batna.dz\/lrprim\/wp-content\/uploads\/2024\/09\/images-150x150.jpg 150w\" sizes=\"(max-width: 100px) 100vw, 100px\" \/><br><\/th><\/tr><tr><th>SMADI MOUSSA<\/th><th>Sch\u00e9ma Pad\u00e9 compact \u00e0 pas fractionn\u00e9s pour l&#8217;\u00e9quation de Schr\u00f6dinger non lin\u00e9aire d&#8217;ordre sup\u00e9rieur<\/th><th>&nbsp;<\/th><th>Derradji Bahloul<\/th><th>2012<\/th><th><br><img decoding=\"async\" width=\"100\" height=\"100\" class=\"wp-image-473\" style=\"width: 100px;\" src=\"https:\/\/labo.univ-batna.dz\/lrprim\/wp-content\/uploads\/2024\/09\/images.jpg\" alt=\"\" srcset=\"https:\/\/labo.univ-batna.dz\/lrprim\/wp-content\/uploads\/2024\/09\/images.jpg 225w, https:\/\/labo.univ-batna.dz\/lrprim\/wp-content\/uploads\/2024\/09\/images-150x150.jpg 150w\" sizes=\"(max-width: 100px) 100vw, 100px\" \/><br><\/th><\/tr><tr><th>Belamri<br>Djamel<\/th><th>\u00c9tude des effets de relaxation li\u00e9s aux transitions de phase \u00e0 haute temp\u00e9rature de compos\u00e9s interm\u00e9talliques.<\/th><th>&nbsp;<\/th><th><strong>Pr. S.Belhas<\/strong> <strong>Rivi\u00e8re Andr\u00e9<\/strong><\/th><th>2013<\/th><th><br><img decoding=\"async\" width=\"100\" height=\"100\" class=\"wp-image-473\" style=\"width: 100px;\" src=\"https:\/\/labo.univ-batna.dz\/lrprim\/wp-content\/uploads\/2024\/09\/images.jpg\" alt=\"\" srcset=\"https:\/\/labo.univ-batna.dz\/lrprim\/wp-content\/uploads\/2024\/09\/images.jpg 225w, https:\/\/labo.univ-batna.dz\/lrprim\/wp-content\/uploads\/2024\/09\/images-150x150.jpg 150w\" sizes=\"(max-width: 100px) 100vw, 100px\" \/><br><\/th><\/tr><tr><th>Benyahia Nawel<\/th><th>Etude des m\u00e9canismes de relaxation m\u00e9canique dans les alliages contenant une phase dispers\u00e9e.<\/th><th>&nbsp;<\/th><th>Prof C. Belamri<\/th><th>Soutenance pr\u00e9vue fin F\u00e9vrier 2013.<\/th><th><br><img decoding=\"async\" width=\"100\" height=\"100\" class=\"wp-image-473\" style=\"width: 100px;\" src=\"https:\/\/labo.univ-batna.dz\/lrprim\/wp-content\/uploads\/2024\/09\/images.jpg\" alt=\"\" srcset=\"https:\/\/labo.univ-batna.dz\/lrprim\/wp-content\/uploads\/2024\/09\/images.jpg 225w, https:\/\/labo.univ-batna.dz\/lrprim\/wp-content\/uploads\/2024\/09\/images-150x150.jpg 150w\" sizes=\"(max-width: 100px) 100vw, 100px\" \/><br><\/th><\/tr><tr><th>Taab\u00e8che Salah<\/th><th>Mod\u00e9lisation des effets de relaxation observ\u00e9s dans les alliages Al-Mg<\/th><th>&nbsp;<\/th><th>Prof S.Belhas<\/th><th>Soutenance pr\u00e9vue 2012<\/th><th><br><img decoding=\"async\" width=\"100\" height=\"100\" class=\"wp-image-473\" style=\"width: 100px;\" src=\"https:\/\/labo.univ-batna.dz\/lrprim\/wp-content\/uploads\/2024\/09\/images.jpg\" alt=\"\" srcset=\"https:\/\/labo.univ-batna.dz\/lrprim\/wp-content\/uploads\/2024\/09\/images.jpg 225w, https:\/\/labo.univ-batna.dz\/lrprim\/wp-content\/uploads\/2024\/09\/images-150x150.jpg 150w\" sizes=\"(max-width: 100px) 100vw, 100px\" \/><br><\/th><\/tr><tr><th>Kabbab Abdelhamid<\/th><th>Mod\u00e9lisation de l&#8217;interaction des dislocations avec les atomes de solut\u00e9 en substitution dans une solution solide monophas\u00e9e.<\/th><th>&nbsp;<\/th><th>Prof C. Belamri<\/th><th>Soutenance pr\u00e9vue 2012<\/th><th><br><img decoding=\"async\" width=\"100\" height=\"100\" class=\"wp-image-473\" style=\"width: 100px;\" src=\"https:\/\/labo.univ-batna.dz\/lrprim\/wp-content\/uploads\/2024\/09\/images.jpg\" alt=\"\" srcset=\"https:\/\/labo.univ-batna.dz\/lrprim\/wp-content\/uploads\/2024\/09\/images.jpg 225w, https:\/\/labo.univ-batna.dz\/lrprim\/wp-content\/uploads\/2024\/09\/images-150x150.jpg 150w\" sizes=\"(max-width: 100px) 100vw, 100px\" \/><br><\/th><\/tr><tr><th>Bendaas Abdelwahed<\/th><th>Mod\u00e9lisation du comportement en composite d&#8217;un composant composite.<\/th><th>&nbsp;<\/th><th>Prof C. Belamri<\/th><th>Soutenance pr\u00e9vue 2012<\/th><th><br><img decoding=\"async\" width=\"100\" height=\"100\" class=\"wp-image-473\" style=\"width: 100px;\" src=\"https:\/\/labo.univ-batna.dz\/lrprim\/wp-content\/uploads\/2024\/09\/images.jpg\" alt=\"\" srcset=\"https:\/\/labo.univ-batna.dz\/lrprim\/wp-content\/uploads\/2024\/09\/images.jpg 225w, https:\/\/labo.univ-batna.dz\/lrprim\/wp-content\/uploads\/2024\/09\/images-150x150.jpg 150w\" sizes=\"(max-width: 100px) 100vw, 100px\" \/><br><\/th><\/tr><tr><th>Derdour Souad<\/th><th>Etude de la contribution des atomes de solut\u00e9 dans les ph\u00e9nom\u00e8nes de relaxation observ\u00e9s sur les alliages de cuivre.<\/th><th>&nbsp;<\/th><th>Prof S.Belhas<\/th><th>Soutenance pr\u00e9vue 2012<\/th><th><br><img decoding=\"async\" width=\"100\" height=\"100\" class=\"wp-image-473\" style=\"width: 100px;\" src=\"https:\/\/labo.univ-batna.dz\/lrprim\/wp-content\/uploads\/2024\/09\/images.jpg\" alt=\"\" srcset=\"https:\/\/labo.univ-batna.dz\/lrprim\/wp-content\/uploads\/2024\/09\/images.jpg 225w, https:\/\/labo.univ-batna.dz\/lrprim\/wp-content\/uploads\/2024\/09\/images-150x150.jpg 150w\" sizes=\"(max-width: 100px) 100vw, 100px\" \/><br><\/th><\/tr><tr><th>Daamouche Adel D\u00e9c\u00e9d\u00e9 le 22 D\u00e9cembre 2012<\/th><th>Etude des ph\u00e9nom\u00e8nes de relaxation m\u00e9canique dans un alliage monocristallin \u00e0 phase dispers\u00e9e: Al-Ag 20% \u200b\u200batomique<\/th><th>&nbsp;<\/th><th>Prof C. Belamri<\/th><th>Soutenance pr\u00e9vue 2012<\/th><th><br><img decoding=\"async\" width=\"100\" height=\"100\" class=\"wp-image-473\" style=\"width: 100px;\" src=\"https:\/\/labo.univ-batna.dz\/lrprim\/wp-content\/uploads\/2024\/09\/images.jpg\" alt=\"\" srcset=\"https:\/\/labo.univ-batna.dz\/lrprim\/wp-content\/uploads\/2024\/09\/images.jpg 225w, https:\/\/labo.univ-batna.dz\/lrprim\/wp-content\/uploads\/2024\/09\/images-150x150.jpg 150w\" sizes=\"(max-width: 100px) 100vw, 100px\" \/><br><\/th><\/tr><tr><th>ABDENASSER GHEZAIL<\/th><th>\u00c9tude de l&#8217;implosion d&#8217;une cible cylindrique magn\u00e9tis\u00e9e par un faisceau d&#8217;ions lourds<\/th><th>physique des rayonnements<\/th><th>Prof A. SID &nbsp;<\/th><th>2010<\/th><th><img decoding=\"async\" src=\"https:\/\/labo.univ-batna.dz\/lrprim\/wp-content\/uploads\/2024\/09\/images.jpg\" alt=\"\" style=\"width: 100px;\"><a href=\"file:\/\/\/C:\/My%20Web%20Sites\/sitelabo\/labo.univ-batna.dz\/lrprim\/images\/files\/ghzail.pdf\"><\/a><\/th><\/tr><\/thead><tbody><tr><td><strong>BOUHELAL MOUNA<\/strong><\/td><td><strong>Application du mod\u00e8le avec la couche de l&#8217;\u00e9tat de pas comme pas moyenn\u00e9<\/strong><\/td><td><strong>Physique Nucl\u00e9aire<\/strong><\/td><td><strong>Prof A.Bouldjedri<\/strong><\/td><td><strong>2010<\/strong><\/td><td><img decoding=\"async\" src=\"https:\/\/labo.univ-batna.dz\/lrprim\/wp-content\/uploads\/2024\/09\/images.jpg\" alt=\"\" style=\"width: 100px;\"><a href=\"file:\/\/\/C:\/My%20Web%20Sites\/sitelabo\/labo.univ-batna.dz\/lrprim\/images\/files\/bouhlel(1).pdf\"><\/a><\/td><\/tr><tr><td><strong>ZERGUINE SALIMA<\/strong><\/td><td><strong>Approches alg\u00e9briques sdg-IBM et sdg-IBFM et applications en spectroscopie nucl\u00e9aire<\/strong><\/td><td><strong>Physique Nucleaire<\/strong><\/td><td><strong>Prof A.Bouldjedri<\/strong><\/td><td><strong>2009<\/strong><\/td><td><img decoding=\"async\" src=\"https:\/\/labo.univ-batna.dz\/lrprim\/wp-content\/uploads\/2024\/09\/images.jpg\" alt=\"\" style=\"width: 100px;\"><a href=\"file:\/\/\/C:\/My%20Web%20Sites\/sitelabo\/labo.univ-batna.dz\/lrprim\/images\/files\/zeguine.pdf\"><\/a><\/td><\/tr><tr><td><strong>Soualmia Souhila<\/strong><\/td><td><strong>Extraction de param\u00e8tres semi-conducteurs avec EBIC et cathodoluminescence<\/strong><\/td><td>&nbsp;<\/td><td><strong>Prof A.Bouldjedri<\/strong><\/td><td><strong>2012<\/strong><\/td><td><img decoding=\"async\" width=\"90\" src=\"\"><br><img decoding=\"async\" width=\"86\" height=\"86\" class=\"wp-image-473\" style=\"width: 86px;\" src=\"https:\/\/labo.univ-batna.dz\/lrprim\/wp-content\/uploads\/2024\/09\/images.jpg\" alt=\"\" srcset=\"https:\/\/labo.univ-batna.dz\/lrprim\/wp-content\/uploads\/2024\/09\/images.jpg 225w, https:\/\/labo.univ-batna.dz\/lrprim\/wp-content\/uploads\/2024\/09\/images-150x150.jpg 150w\" sizes=\"(max-width: 86px) 100vw, 86px\" \/><br><\/td><\/tr><\/tbody><\/table><\/figure>\n\n\n\n<p><\/p>\n\n\n\n<p><\/p>\n","protected":false},"excerpt":{"rendered":"<p>Docteur Titre Option Rapporteur Ann\u00e9e T\u00e9l\u00e9charger Hadda Krarcha Etude des propri\u00e9t\u00e9s structurales, \u00e9lectroniques, optiques et vibrationnelles des compos\u00e9s \u00e0 bases des \u00e9l\u00e9ments de transition. physique Pr. Bennacer Badis 2023 Hassene BADA Traitement des probl\u00e8mes relativistes de spin \u00bd par l\u2019approche des int\u00e9grales de chemin physique theorique Ouachria Mekki 2022 Azzoui Hanane Mod\u00e9l\u00e9sation des processus de [&hellip;]<\/p>\n","protected":false},"author":1,"featured_media":0,"parent":0,"menu_order":0,"comment_status":"closed","ping_status":"closed","template":"","meta":{"site-sidebar-layout":"default","site-content-layout":"","ast-site-content-layout":"default","site-content-style":"default","site-sidebar-style":"default","ast-global-header-display":"","ast-banner-title-visibility":"","ast-main-header-display":"","ast-hfb-above-header-display":"","ast-hfb-below-header-display":"","ast-hfb-mobile-header-display":"","site-post-title":"","ast-breadcrumbs-content":"","ast-featured-img":"","footer-sml-layout":"","theme-transparent-header-meta":"","adv-header-id-meta":"","stick-header-meta":"","header-above-stick-meta":"","header-main-stick-meta":"","header-below-stick-meta":"","astra-migrate-meta-layouts":"set","ast-page-background-enabled":"default","ast-page-background-meta":{"desktop":{"background-color":"var(--ast-global-color-4)","background-image":"","background-repeat":"repeat","background-position":"center center","background-size":"auto","background-attachment":"scroll","background-type":"","background-media":"","overlay-type":"","overlay-color":"","overlay-opacity":"","overlay-gradient":""},"tablet":{"background-color":"","background-image":"","background-repeat":"repeat","background-position":"center center","background-size":"auto","background-attachment":"scroll","background-type":"","background-media":"","overlay-type":"","overlay-color":"","overlay-opacity":"","overlay-gradient":""},"mobile":{"background-color":"","background-image":"","background-repeat":"repeat","background-position":"center center","background-size":"auto","background-attachment":"scroll","background-type":"","background-media":"","overlay-type":"","overlay-color":"","overlay-opacity":"","overlay-gradient":""}},"ast-content-background-meta":{"desktop":{"background-color":"var(--ast-global-color-5)","background-image":"","background-repeat":"repeat","background-position":"center center","background-size":"auto","background-attachment":"scroll","background-type":"","background-media":"","overlay-type":"","overlay-color":"","overlay-opacity":"","overlay-gradient":""},"tablet":{"background-color":"var(--ast-global-color-5)","background-image":"","background-repeat":"repeat","background-position":"center center","background-size":"auto","background-attachment":"scroll","background-type":"","background-media":"","overlay-type":"","overlay-color":"","overlay-opacity":"","overlay-gradient":""},"mobile":{"background-color":"var(--ast-global-color-5)","background-image":"","background-repeat":"repeat","background-position":"center center","background-size":"auto","background-attachment":"scroll","background-type":"","background-media":"","overlay-type":"","overlay-color":"","overlay-opacity":"","overlay-gradient":""}},"footnotes":""},"class_list":["post-407","page","type-page","status-publish","hentry"],"_links":{"self":[{"href":"https:\/\/labo.univ-batna.dz\/lrprim\/index.php?rest_route=\/wp\/v2\/pages\/407","targetHints":{"allow":["GET"]}}],"collection":[{"href":"https:\/\/labo.univ-batna.dz\/lrprim\/index.php?rest_route=\/wp\/v2\/pages"}],"about":[{"href":"https:\/\/labo.univ-batna.dz\/lrprim\/index.php?rest_route=\/wp\/v2\/types\/page"}],"author":[{"embeddable":true,"href":"https:\/\/labo.univ-batna.dz\/lrprim\/index.php?rest_route=\/wp\/v2\/users\/1"}],"replies":[{"embeddable":true,"href":"https:\/\/labo.univ-batna.dz\/lrprim\/index.php?rest_route=%2Fwp%2Fv2%2Fcomments&post=407"}],"version-history":[{"count":4,"href":"https:\/\/labo.univ-batna.dz\/lrprim\/index.php?rest_route=\/wp\/v2\/pages\/407\/revisions"}],"predecessor-version":[{"id":631,"href":"https:\/\/labo.univ-batna.dz\/lrprim\/index.php?rest_route=\/wp\/v2\/pages\/407\/revisions\/631"}],"wp:attachment":[{"href":"https:\/\/labo.univ-batna.dz\/lrprim\/index.php?rest_route=%2Fwp%2Fv2%2Fmedia&parent=407"}],"curies":[{"name":"wp","href":"https:\/\/api.w.org\/{rel}","templated":true}]}}