{"id":710,"date":"2025-03-14T21:08:22","date_gmt":"2025-03-14T20:08:22","guid":{"rendered":"https:\/\/labo.univ-batna.dz\/lepcm\/?page_id=710"},"modified":"2025-03-14T22:51:33","modified_gmt":"2025-03-14T21:51:33","slug":"tableau-periodique","status":"publish","type":"page","link":"https:\/\/labo.univ-batna.dz\/lepcm\/?page_id=710","title":{"rendered":"Tableau periodique"},"content":{"rendered":"\n\n    <h1>Tableau P\u00e9riodique des \u00c9l\u00e9ments<\/h1>\n    \n    <div class=\"periodic-table\">\n        <!-- Premier \u00e9l\u00e9ment -->\n        <div class=\"element alkali-metal\" data-symbol=\"H\" data-name=\"Hydrog\u00e8ne\" data-number=\"1\" data-weight=\"1.008\">\n            <div class=\"symbol\">H<\/div>\n            <div class=\"number\">1<\/div>\n        <\/div>\n        \n        <!-- \u00c9l\u00e9ment vide -->\n        <div class=\"element empty\"><\/div>\n        \n        <!-- Autres \u00e9l\u00e9ments -->\n        <div class=\"element transition-metal\" data-symbol=\"Fe\" data-name=\"Fer\" data-number=\"26\" data-weight=\"55.85\" style=\"grid-column: 8; grid-row: 4;\">\n            <div class=\"symbol\">Fe<\/div>\n            <div class=\"number\">26<\/div>\n        <\/div>\n        \n        <!-- Exemple de lanthanide -->\n        <div class=\"element lanthanide\" data-symbol=\"La\" data-name=\"Lanthane\" data-number=\"57\" data-weight=\"138.91\" style=\"grid-column: 3; grid-row: 9;\">\n            <div class=\"symbol\">La<\/div>\n            <div class=\"number\">57<\/div>\n        <\/div>\n    <\/div>\n\n    <div class=\"details\" id=\"elementDetails\">\n        <h2 id=\"detailName\"><\/h2>\n        <p>Num\u00e9ro atomique : <span id=\"detailNumber\"><\/span><\/p>\n        <p>Masse atomique : <span id=\"detailWeight\"><\/span><\/p>\n    <\/div>\n\n","protected":false},"excerpt":{"rendered":"<p>Tableau P\u00e9riodique des \u00c9l\u00e9ments H 1 Fe 26 La 57 Num\u00e9ro atomique : Masse atomique :<\/p>\n","protected":false},"author":1,"featured_media":0,"parent":0,"menu_order":0,"comment_status":"closed","ping_status":"closed","template":"","meta":{"site-sidebar-layout":"default","site-content-layout":"default","ast-global-header-display":"","ast-main-header-display":"","ast-hfb-above-header-display":"","ast-hfb-below-header-display":"","ast-hfb-mobile-header-display":"","site-post-title":"","ast-breadcrumbs-content":"","ast-featured-img":"","footer-sml-layout":"","theme-transparent-header-meta":"","adv-header-id-meta":"","stick-header-meta":"","header-above-stick-meta":"","header-main-stick-meta":"","header-below-stick-meta":"","footnotes":""},"class_list":["post-710","page","type-page","status-publish","hentry"],"_links":{"self":[{"href":"https:\/\/labo.univ-batna.dz\/lepcm\/index.php?rest_route=\/wp\/v2\/pages\/710","targetHints":{"allow":["GET"]}}],"collection":[{"href":"https:\/\/labo.univ-batna.dz\/lepcm\/index.php?rest_route=\/wp\/v2\/pages"}],"about":[{"href":"https:\/\/labo.univ-batna.dz\/lepcm\/index.php?rest_route=\/wp\/v2\/types\/page"}],"author":[{"embeddable":true,"href":"https:\/\/labo.univ-batna.dz\/lepcm\/index.php?rest_route=\/wp\/v2\/users\/1"}],"replies":[{"embeddable":true,"href":"https:\/\/labo.univ-batna.dz\/lepcm\/index.php?rest_route=%2Fwp%2Fv2%2Fcomments&post=710"}],"version-history":[{"count":3,"href":"https:\/\/labo.univ-batna.dz\/lepcm\/index.php?rest_route=\/wp\/v2\/pages\/710\/revisions"}],"predecessor-version":[{"id":723,"href":"https:\/\/labo.univ-batna.dz\/lepcm\/index.php?rest_route=\/wp\/v2\/pages\/710\/revisions\/723"}],"wp:attachment":[{"href":"https:\/\/labo.univ-batna.dz\/lepcm\/index.php?rest_route=%2Fwp%2Fv2%2Fmedia&parent=710"}],"curies":[{"name":"wp","href":"https:\/\/api.w.org\/{rel}","templated":true}]}}