{"id":205,"date":"2023-12-08T21:42:16","date_gmt":"2023-12-08T18:42:16","guid":{"rendered":"https:\/\/labo.univ-batna.dz\/lepcm\/?page_id=205"},"modified":"2023-12-08T21:42:16","modified_gmt":"2023-12-08T18:42:16","slug":"thank-you","status":"publish","type":"page","link":"https:\/\/labo.univ-batna.dz\/lepcm\/?page_id=205","title":{"rendered":"Thank You"},"content":{"rendered":"<div class=\"swpm-ty-page-registration\"><div class=\"swpm-ty-page-registration-link swpm-yellow-box\">Si vous venez de faire un paiement pour un abonnement, votre paiement est actuellement en traitement. Veuillez v\u00e9rifier \u00e0 nouveau dans quelques minutes. Un e-mail vous sera prochainement envoy\u00e9 avec tous les d\u00e9tails.<\/div><\/div>\n","protected":false},"excerpt":{"rendered":"","protected":false},"author":1,"featured_media":0,"parent":0,"menu_order":0,"comment_status":"closed","ping_status":"closed","template":"","meta":{"site-sidebar-layout":"default","site-content-layout":"default","ast-global-header-display":"","ast-main-header-display":"","ast-hfb-above-header-display":"","ast-hfb-below-header-display":"","ast-hfb-mobile-header-display":"","site-post-title":"","ast-breadcrumbs-content":"","ast-featured-img":"","footer-sml-layout":"","theme-transparent-header-meta":"","adv-header-id-meta":"","stick-header-meta":"","header-above-stick-meta":"","header-main-stick-meta":"","header-below-stick-meta":"","footnotes":""},"class_list":["post-205","page","type-page","status-publish","hentry"],"_links":{"self":[{"href":"https:\/\/labo.univ-batna.dz\/lepcm\/index.php?rest_route=\/wp\/v2\/pages\/205","targetHints":{"allow":["GET"]}}],"collection":[{"href":"https:\/\/labo.univ-batna.dz\/lepcm\/index.php?rest_route=\/wp\/v2\/pages"}],"about":[{"href":"https:\/\/labo.univ-batna.dz\/lepcm\/index.php?rest_route=\/wp\/v2\/types\/page"}],"author":[{"embeddable":true,"href":"https:\/\/labo.univ-batna.dz\/lepcm\/index.php?rest_route=\/wp\/v2\/users\/1"}],"replies":[{"embeddable":true,"href":"https:\/\/labo.univ-batna.dz\/lepcm\/index.php?rest_route=%2Fwp%2Fv2%2Fcomments&post=205"}],"version-history":[{"count":0,"href":"https:\/\/labo.univ-batna.dz\/lepcm\/index.php?rest_route=\/wp\/v2\/pages\/205\/revisions"}],"wp:attachment":[{"href":"https:\/\/labo.univ-batna.dz\/lepcm\/index.php?rest_route=%2Fwp%2Fv2%2Fmedia&parent=205"}],"curies":[{"name":"wp","href":"https:\/\/api.w.org\/{rel}","templated":true}]}}