{"id":201,"date":"2023-12-08T21:42:16","date_gmt":"2023-12-08T18:42:16","guid":{"rendered":"https:\/\/labo.univ-batna.dz\/lepcm\/?page_id=201"},"modified":"2023-12-08T21:42:16","modified_gmt":"2023-12-08T18:42:16","slug":"membership-registration","status":"publish","type":"page","link":"https:\/\/labo.univ-batna.dz\/lepcm\/?page_id=201","title":{"rendered":"Inscription"},"content":{"rendered":"<p>L\u2019adh\u00e9sion gratuite est d\u00e9sactiv\u00e9e sur ce site. Veuillez effectuer un paiement \u00e0 partir du <a href=\"https:\/\/labo.univ-batna.dz\/lepcm\/?page_id=200\">Nous Rejoindre<\/a> page pour payer un abonnement premium.<\/p><p>Vous recevrez un lien unique par e-mail apr\u00e8s le paiement. Vous pourrez utiliser ce lien pour compl\u00e9ter l\u2019inscription \u00e0 l\u2019abonnement premium.<\/p>\n","protected":false},"excerpt":{"rendered":"","protected":false},"author":1,"featured_media":0,"parent":200,"menu_order":0,"comment_status":"closed","ping_status":"closed","template":"","meta":{"site-sidebar-layout":"default","site-content-layout":"default","ast-global-header-display":"","ast-main-header-display":"","ast-hfb-above-header-display":"","ast-hfb-below-header-display":"","ast-hfb-mobile-header-display":"","site-post-title":"","ast-breadcrumbs-content":"","ast-featured-img":"","footer-sml-layout":"","theme-transparent-header-meta":"","adv-header-id-meta":"","stick-header-meta":"","header-above-stick-meta":"","header-main-stick-meta":"","header-below-stick-meta":"","footnotes":""},"class_list":["post-201","page","type-page","status-publish","hentry"],"_links":{"self":[{"href":"https:\/\/labo.univ-batna.dz\/lepcm\/index.php?rest_route=\/wp\/v2\/pages\/201","targetHints":{"allow":["GET"]}}],"collection":[{"href":"https:\/\/labo.univ-batna.dz\/lepcm\/index.php?rest_route=\/wp\/v2\/pages"}],"about":[{"href":"https:\/\/labo.univ-batna.dz\/lepcm\/index.php?rest_route=\/wp\/v2\/types\/page"}],"author":[{"embeddable":true,"href":"https:\/\/labo.univ-batna.dz\/lepcm\/index.php?rest_route=\/wp\/v2\/users\/1"}],"replies":[{"embeddable":true,"href":"https:\/\/labo.univ-batna.dz\/lepcm\/index.php?rest_route=%2Fwp%2Fv2%2Fcomments&post=201"}],"version-history":[{"count":0,"href":"https:\/\/labo.univ-batna.dz\/lepcm\/index.php?rest_route=\/wp\/v2\/pages\/201\/revisions"}],"up":[{"embeddable":true,"href":"https:\/\/labo.univ-batna.dz\/lepcm\/index.php?rest_route=\/wp\/v2\/pages\/200"}],"wp:attachment":[{"href":"https:\/\/labo.univ-batna.dz\/lepcm\/index.php?rest_route=%2Fwp%2Fv2%2Fmedia&parent=201"}],"curies":[{"name":"wp","href":"https:\/\/api.w.org\/{rel}","templated":true}]}}